{"id":40232,"date":"2024-03-14T06:10:03","date_gmt":"2024-03-14T06:10:03","guid":{"rendered":"https:\/\/dlblawfirm.com\/montgomery\/construction-accident-lawyer\/"},"modified":"2025-02-02T12:30:21","modified_gmt":"2025-02-02T12:30:21","slug":"abogado-accidentes-construccion","status":"publish","type":"page","link":"https:\/\/dlblawfirm.com\/es\/montgomery\/abogado-accidentes-construccion\/","title":{"rendered":"Abogado de accidentes de construcci\u00f3n en Montgomery"},"content":{"rendered":"<p>La industria de la construcci\u00f3n se encuentra llena de peligros, desde objetos que pueden caer desde grandes alturas hasta el riesgo de incendios y electrocuciones. Si bien, los empleadores est\u00e1n obligados a proporcionar el equipo de seguridad necesario para salvaguardar a los trabajadores, existen casos donde este requerimiento no se cumple o no es suficiente para evitar una desgracia.<\/p>\n<p>Si tuvo una accidente mientras trabajaba en una construcci\u00f3n en el \u00e1rea de Montgomery, puede contar con el apoyo de un <strong><a href=\"https:\/\/dlblawfirm.com\/es\/\">abogado de compensaci\u00f3n laboral<\/a><\/strong> para garantizar que sus beneficios como empleado se respeten.<\/p>\n<h2><span class=\"ez-toc-section\" id=\"Causas_frecuentes_en_un_accidente_de_construccion\"><\/span>Causas frecuentes en un accidente de construcci\u00f3n<span class=\"ez-toc-section-end\"><\/span><\/h2>\n<p>Debido a la naturaleza del trabajo, las lesiones que puede ocasionar un accidente de construcci\u00f3n pueden variar considerablemente en su grado de severidad, ya que dependen del contexto en el que ocurri\u00f3 el accidente. Algunos ejemplos de los motivos m\u00e1s frecuentes de lesiones en los trabajadores son:<\/p>\n<ul>\n<li aria-level=\"1\"><strong>Golpes con objetos<\/strong>: cuando un objeto cae desde un andamio o incluso un operador de maquinaria golpea a otro trabajador, pueden ocasionar lesiones cerebrales y fracturas en el cr\u00e1neo si el empleado no portaba el casco de protecci\u00f3n.<\/li>\n<li aria-level=\"1\"><strong>Ca\u00eddas<\/strong>: este es uno de los accidentes m\u00e1s comunes en las construcciones, especialmente por el uso de andamios y escaleras. Cuando el personal encargado de asegurarse de que este tipo de herramientas est\u00e9n colocadas de manera correcta falla en su deber, se pueden provocar fracturas de gravedad e incluso, el fallecimiento del trabajador.<\/li>\n<li aria-level=\"1\"><strong>Equipo de protecci\u00f3n no proporcionado<\/strong>: como ya mencionamos, el deber del empleador es dotar al trabajador del equipo de protecci\u00f3n necesario para laborar. Cuando se omite esta obligaci\u00f3n o se elige equipo de mala calidad con el fin de ahorrar costos, se pone en riesgo la vida del trabajador.<\/li>\n<li aria-level=\"1\"><strong>Incendios en la obra<\/strong>: no solo el manejo de sustancias inflamables puede provocar un incendio en la construcci\u00f3n, tambi\u00e9n pueden ocurrir debido a fallas el\u00e9ctricas y el sobrecalentamiento de la maquinaria utilizada. Este tipo de accidentes puede provocar quemaduras, amputaciones, intoxicaci\u00f3n por inhalar humo e, incluso, la muerte del trabajador si no se logra contener a tiempo.<\/li>\n<\/ul>\n<div class=\"custom-shortcode1\"><img decoding=\"async\" src=\"https:\/\/dlblawfirm.com\/wp-content\/uploads\/2025\/09\/dwayne-brown-attorney-cta.png\" alt=\"\u00a1Su Lesi\u00f3n Personal Merece Atenci\u00f3n Personalizada!\"><h3>\u00a1Su Lesi\u00f3n Personal Merece Atenci\u00f3n Personalizada!<\/h3><a href=\"tel:4047386000\">Llama Ahora<\/a><\/div>\n<h2><span class=\"ez-toc-section\" id=\"Beneficios_de_la_compensacion_a_trabajadores_en_Montgomery\"><\/span>Beneficios de la compensaci\u00f3n a trabajadores en Montgomery<span class=\"ez-toc-section-end\"><\/span><\/h2>\n<p>La ley de Alabama establece que, bajo la ley de <a href=\"https:\/\/law.justia.com\/codes\/alabama\/title-25\/chapter-5\/article-1\/section-25-5-1\/\">compensaci\u00f3n laboral<\/a>, despu\u00e9s de un accidente de construcci\u00f3n pueden recibir por un m\u00e1ximo de 300 semanas:<\/p>\n<ul>\n<li aria-level=\"1\"><strong>Discapacidad total temporal<\/strong>: la cantidad proporcional a dos tercios de las ganancias semanales en promedio recibidas hasta el momento de la lesi\u00f3n.<\/li>\n<li aria-level=\"1\"><strong>Discapacidad parcial temporal<\/strong>: el monto igual a dos tercios de la diferencia entre las ganancias semanales en promedio del trabajador hasta el momento del accidente y las ganancias semanales promedio podr\u00eda ganar al trabajar con la discapacidad parcial.<\/li>\n<\/ul>\n<p>Por otra parte, cuando el accidente de construcci\u00f3n ocasiona lesiones permanentes, los empleados pueden recibir de acuerdo a los montos m\u00ednimos y m\u00e1ximos establecidos:<\/p>\n<ul>\n<li aria-level=\"1\"><strong>Discapacidad parcial<\/strong>: el monto igual a dos tercios de las ganancias semanales promedio o dos tercios de la diferencia entre sus ingresos semanales promedio hasta el momento de la lesi\u00f3n y los ingresos semanales promedio que el empleado puede obtener al trabajar, dependiendo de la extensi\u00f3n de sus lesiones.<\/li>\n<li aria-level=\"1\"><strong>Discapacidad total<\/strong>: la cantidad proporcional a dos tercios de los ingresos semanales que recib\u00eda en promedio hasta el momento de la lesi\u00f3n.<\/li>\n<\/ul>\n<p>Debido a que la compensaci\u00f3n laboral se encarga de cubrir los da\u00f1os al empleado de la construcci\u00f3n, no es posible recibir una compensaci\u00f3n por da\u00f1os econ\u00f3micos y no econ\u00f3micos como en el caso de un reclamo por lesiones personales. Sin embargo, es posible realizar un reclamo si la parte responsable de sus lesiones fue un tercero, por lo que podr\u00eda obtener una compensaci\u00f3n adicional.<\/p>\n<h2><span class=\"ez-toc-section\" id=\"%C2%BFQue_hacer_despues_de_un_accidente_de_construccion_en_Montgomery\"><\/span>\u00bfQu\u00e9 hacer despu\u00e9s de un accidente de construcci\u00f3n en Montgomery?<span class=\"ez-toc-section-end\"><\/span><\/h2>\n<p>Sin importar la gravedad de sus lesiones, es fundamental que tome en cuenta las acciones que debe realizar despu\u00e9s de un accidente de construcci\u00f3n para asegurarse de que podr\u00e1 recibir los beneficios mencionados anteriormente:<\/p>\n<ul>\n<li aria-level=\"1\"><strong>Reciba atenci\u00f3n m\u00e9dica<\/strong>: primero, es importante que reciba atenci\u00f3n m\u00e9dica para evaluar sus lesiones, incluso si no encuentra lesiones perceptibles a simple vista. El diagn\u00f3stico m\u00e9dico le ayudar\u00e1 a saber su estado de salud y el tratamiento que debe seguir durante el periodo de recuperaci\u00f3n. Adem\u00e1s, tambi\u00e9n respaldar\u00e1 el reporte a su empleador.<\/li>\n<li aria-level=\"1\"><strong>Reporte el accidente de construcci\u00f3n a su empleador<\/strong>: una vez que haya acudido a revisi\u00f3n m\u00e9dica, debe realizar el reporte del accidente de construcci\u00f3n en un periodo no mayor a 5 d\u00edas despu\u00e9s de los hechos.<\/li>\n<li aria-level=\"1\"><strong>Espere el veredicto de su reporte<\/strong>: la aseguradora de su empleador le informar\u00e1 la resoluci\u00f3n de su caso en un periodo promedio de 3 d\u00edas, a excepci\u00f3n de los casos cuando existe una discapacidad por 21 d\u00edas.<\/li>\n<\/ul>\n<div class=\"custom-shortcode2\"><img decoding=\"async\" src=\"https:\/\/dlblawfirm.com\/wp-content\/uploads\/2025\/09\/dwayne-brown-attorney-cta.png\" alt=\"\u00a1Su Lesi\u00f3n Personal Merece Atenci\u00f3n Personalizada!\"><h3>\u00a1Su Lesi\u00f3n Personal Merece Atenci\u00f3n Personalizada!<\/h3><a href=\"#contact-section\">Llama Ahora<\/a><\/div>\n<h2><span class=\"ez-toc-section\" id=\"%C2%BFCuando_contactar_a_un_abogado_de_accidentes_de_construccion_en_Montgomery\"><\/span>\u00bfCu\u00e1ndo contactar a un abogado de accidentes de construcci\u00f3n en Montgomery?<span class=\"ez-toc-section-end\"><\/span><\/h2>\n<p>Existen dos motivos por los cuales contactar a un abogado de accidentes de construcci\u00f3n es su mejor opci\u00f3n. La primera, sucede en el caso de que su reclamo de accidente sea rechazado por la aseguradora de su empleador debido a alegatos que lo responsabilizan de sus propias lesiones, por lo que ser\u00e1 necesario interponer una apelaci\u00f3n con la ayuda de un abogado de lesiones personales.<\/p>\n<p>Por otra parte, si durante la investigaci\u00f3n de su caso se encuentra evidencia de que un tercero fue el responsable de sus lesiones, podr\u00e1 realizar un reclamo paralelo bajo las leyes de lesiones personales. En ambos casos, su abogado se encargar\u00e1 de recolectar las pruebas que respalden su reclamo, como su historial m\u00e9dico y la declaraci\u00f3n de testigos presenciales.<\/p>\n<h2><span class=\"ez-toc-section\" id=\"Reciba_asesoria_personalizada_en_la_Oficina_Legal_de_Dwayne_L_Brown\"><\/span>Reciba asesor\u00eda personalizada en la Oficina Legal de Dwayne L. Brown<span class=\"ez-toc-section-end\"><\/span><\/h2>\n<p>Ya sea que su reclamo haya sido rechazado o desee presentar una demanda adicional contra un tercero, contar con el respaldo de un abogado especializado en accidentes de construcci\u00f3n en Montgomery de nuestra firma legal le brindar\u00e1 la tranquilidad de mantenerse informado sobre cada avance del proceso. Nuestro equipo est\u00e1 dedicado a velar por sus mejores intereses y lucharemos por una compensaci\u00f3n justa para usted.<\/p>\n<p>Llene este <strong><a href=\"https:\/\/dlblawfirm.com\/es\/contacto\/\">formulario de contacto<\/a><\/strong> y agende una evaluaci\u00f3n de caso gratuita.<\/p>\n","protected":false},"excerpt":{"rendered":"<p>La industria de la construcci\u00f3n se encuentra llena de peligros, desde objetos que pueden caer desde grandes alturas hasta el riesgo de incendios y electrocuciones. Si bien, los empleadores est\u00e1n obligados a proporcionar el equipo de seguridad necesario para salvaguardar a los trabajadores, existen casos donde este requerimiento no se cumple o no es suficiente<\/p>\n<p><a class=\"button button-reverse\" href=\"https:\/\/dlblawfirm.com\/es\/montgomery\/abogado-accidentes-construccion\/\">Read the full article<\/a><\/p>\n","protected":false},"author":123,"featured_media":40247,"parent":40236,"menu_order":0,"comment_status":"closed","ping_status":"closed","template":"","meta":{"_acf_changed":false,"inline_featured_image":false,"footnotes":""},"class_list":["post-40232","page","type-page","status-publish","has-post-thumbnail","hentry"],"acf":[],"yoast_head":"<!-- This site is optimized with the Yoast SEO plugin v27.4 - https:\/\/yoast.com\/product\/yoast-seo-wordpress\/ -->\n<title>Abogado de accidentes de construcci\u00f3n | Dwayne Brown<\/title>\n<meta name=\"description\" content=\"Si trabaja en la industria de la construcci\u00f3n y result\u00f3 lesionado en un accidente, contactar a un abogado de accidentes de construcci\u00f3n es su mejor opci\u00f3n.\" \/>\n<meta name=\"robots\" content=\"index, follow, max-snippet:-1, max-image-preview:large, max-video-preview:-1\" \/>\n<link rel=\"canonical\" href=\"https:\/\/dlblawfirm.com\/es\/montgomery\/abogado-accidentes-construccion\/\" \/>\n<meta property=\"og:locale\" content=\"es_ES\" \/>\n<meta property=\"og:type\" content=\"article\" \/>\n<meta property=\"og:title\" content=\"Abogado de accidentes de construcci\u00f3n | Dwayne Brown\" \/>\n<meta property=\"og:description\" content=\"Si trabaja en la industria de la construcci\u00f3n y result\u00f3 lesionado en un accidente, contactar a un abogado de accidentes de construcci\u00f3n es su mejor opci\u00f3n.\" \/>\n<meta property=\"og:url\" content=\"https:\/\/dlblawfirm.com\/es\/montgomery\/abogado-accidentes-construccion\/\" \/>\n<meta property=\"og:site_name\" content=\"Dwayne L. Brown\" \/>\n<meta property=\"article:modified_time\" content=\"2025-02-02T12:30:21+00:00\" \/>\n<meta property=\"og:image\" content=\"https:\/\/dlblawfirm.com\/wp-content\/uploads\/2024\/12\/Montgomery-Construction-Accident-Attorney.jpg\" \/>\n\t<meta property=\"og:image:width\" content=\"1280\" \/>\n\t<meta property=\"og:image:height\" content=\"720\" \/>\n\t<meta property=\"og:image:type\" content=\"image\/jpeg\" \/>\n<meta name=\"twitter:card\" content=\"summary_large_image\" \/>\n<meta name=\"twitter:label1\" content=\"Tiempo de lectura\" \/>\n\t<meta name=\"twitter:data1\" content=\"5 minutos\" \/>\n<!-- \/ Yoast SEO plugin. -->","yoast_head_json":{"title":"Abogado de accidentes de construcci\u00f3n | Dwayne Brown","description":"Si trabaja en la industria de la construcci\u00f3n y result\u00f3 lesionado en un accidente, contactar a un abogado de accidentes de construcci\u00f3n es su mejor opci\u00f3n.","robots":{"index":"index","follow":"follow","max-snippet":"max-snippet:-1","max-image-preview":"max-image-preview:large","max-video-preview":"max-video-preview:-1"},"canonical":"https:\/\/dlblawfirm.com\/es\/montgomery\/abogado-accidentes-construccion\/","og_locale":"es_ES","og_type":"article","og_title":"Abogado de accidentes de construcci\u00f3n | Dwayne Brown","og_description":"Si trabaja en la industria de la construcci\u00f3n y result\u00f3 lesionado en un accidente, contactar a un abogado de accidentes de construcci\u00f3n es su mejor opci\u00f3n.","og_url":"https:\/\/dlblawfirm.com\/es\/montgomery\/abogado-accidentes-construccion\/","og_site_name":"Dwayne L. Brown","article_modified_time":"2025-02-02T12:30:21+00:00","og_image":[{"width":1280,"height":720,"url":"https:\/\/dlblawfirm.com\/wp-content\/uploads\/2024\/12\/Montgomery-Construction-Accident-Attorney.jpg","type":"image\/jpeg"}],"twitter_card":"summary_large_image","twitter_misc":{"Tiempo de lectura":"5 minutos"},"schema":{"@context":"https:\/\/schema.org","@graph":[{"@type":"WebPage","@id":"https:\/\/dlblawfirm.com\/es\/montgomery\/abogado-accidentes-construccion\/","url":"https:\/\/dlblawfirm.com\/es\/montgomery\/abogado-accidentes-construccion\/","name":"Abogado de accidentes de construcci\u00f3n | Dwayne Brown","isPartOf":{"@id":"https:\/\/dlblawfirm.com\/es\/#website"},"primaryImageOfPage":{"@id":"https:\/\/dlblawfirm.com\/es\/montgomery\/abogado-accidentes-construccion\/#primaryimage"},"image":{"@id":"https:\/\/dlblawfirm.com\/es\/montgomery\/abogado-accidentes-construccion\/#primaryimage"},"thumbnailUrl":"https:\/\/dlblawfirm.com\/wp-content\/uploads\/2024\/12\/Montgomery-Construction-Accident-Attorney.jpg","datePublished":"2024-03-14T06:10:03+00:00","dateModified":"2025-02-02T12:30:21+00:00","description":"Si trabaja en la industria de la construcci\u00f3n y result\u00f3 lesionado en un accidente, contactar a un abogado de accidentes de construcci\u00f3n es su mejor opci\u00f3n.","breadcrumb":{"@id":"https:\/\/dlblawfirm.com\/es\/montgomery\/abogado-accidentes-construccion\/#breadcrumb"},"inLanguage":"es","potentialAction":[{"@type":"ReadAction","target":["https:\/\/dlblawfirm.com\/es\/montgomery\/abogado-accidentes-construccion\/"]}]},{"@type":"ImageObject","inLanguage":"es","@id":"https:\/\/dlblawfirm.com\/es\/montgomery\/abogado-accidentes-construccion\/#primaryimage","url":"https:\/\/dlblawfirm.com\/wp-content\/uploads\/2024\/12\/Montgomery-Construction-Accident-Attorney.jpg","contentUrl":"https:\/\/dlblawfirm.com\/wp-content\/uploads\/2024\/12\/Montgomery-Construction-Accident-Attorney.jpg","width":1280,"height":720,"caption":"Montgomery Construction Accident Attorney"},{"@type":"BreadcrumbList","@id":"https:\/\/dlblawfirm.com\/es\/montgomery\/abogado-accidentes-construccion\/#breadcrumb","itemListElement":[{"@type":"ListItem","position":1,"name":"Home","item":"https:\/\/dlblawfirm.com\/es\/"},{"@type":"ListItem","position":2,"name":"Abogado de lesiones personales en Montgomery","item":"https:\/\/dlblawfirm.com\/es\/montgomery\/"},{"@type":"ListItem","position":3,"name":"Abogado de accidentes de construcci\u00f3n en Montgomery"}]},{"@type":"WebSite","@id":"https:\/\/dlblawfirm.com\/es\/#website","url":"https:\/\/dlblawfirm.com\/es\/","name":"Dwayne L. Brown","description":"Just another WordPress site","potentialAction":[{"@type":"SearchAction","target":{"@type":"EntryPoint","urlTemplate":"https:\/\/dlblawfirm.com\/es\/?s={search_term_string}"},"query-input":{"@type":"PropertyValueSpecification","valueRequired":true,"valueName":"search_term_string"}}],"inLanguage":"es"}]}},"_links":{"self":[{"href":"https:\/\/dlblawfirm.com\/es\/wp-json\/wp\/v2\/pages\/40232","targetHints":{"allow":["GET"]}}],"collection":[{"href":"https:\/\/dlblawfirm.com\/es\/wp-json\/wp\/v2\/pages"}],"about":[{"href":"https:\/\/dlblawfirm.com\/es\/wp-json\/wp\/v2\/types\/page"}],"author":[{"embeddable":true,"href":"https:\/\/dlblawfirm.com\/es\/wp-json\/wp\/v2\/users\/123"}],"replies":[{"embeddable":true,"href":"https:\/\/dlblawfirm.com\/es\/wp-json\/wp\/v2\/comments?post=40232"}],"version-history":[{"count":0,"href":"https:\/\/dlblawfirm.com\/es\/wp-json\/wp\/v2\/pages\/40232\/revisions"}],"up":[{"embeddable":true,"href":"https:\/\/dlblawfirm.com\/es\/wp-json\/wp\/v2\/pages\/40236"}],"wp:featuredmedia":[{"embeddable":true,"href":"https:\/\/dlblawfirm.com\/es\/wp-json\/wp\/v2\/media\/40247"}],"wp:attachment":[{"href":"https:\/\/dlblawfirm.com\/es\/wp-json\/wp\/v2\/media?parent=40232"}],"curies":[{"name":"wp","href":"https:\/\/api.w.org\/{rel}","templated":true}]}}