{"id":37508,"date":"2024-09-17T10:59:27","date_gmt":"2024-09-17T10:59:27","guid":{"rendered":"https:\/\/dlblawfirm.com\/faq\/"},"modified":"2025-07-15T04:36:32","modified_gmt":"2025-07-15T04:36:32","slug":"preguntas-frecuentes-sobre-reclamos-por-lesiones-personales","status":"publish","type":"page","link":"https:\/\/dlblawfirm.com\/es\/faq\/","title":{"rendered":"Preguntas frecuentes sobre reclamos por lesiones personales"},"content":{"rendered":"<p>Es comprensible que las personas que han sufrido lesiones en un accidente no est\u00e9n seguras sobre qu\u00e9 pasos seguir. Estar en casa sin poder trabajar, acumulando deudas m\u00e9dicas y sin saber qu\u00e9 hacer a continuaci\u00f3n es una situaci\u00f3n estresante para cualquiera. Para la mayor\u00eda, esta es la primera vez que deben presentar un reclamo por lesiones personales, por lo que es razonable tener preguntas.<\/p>\n<p>Lo primero que debe saber es que puede ser elegible para presentar un reclamo por lesiones personales y recibir una compensaci\u00f3n por sus p\u00e9rdidas si ha sufrido lesiones debido a las acciones negligentes de otra persona. Ya sea que haya estado en un accidente de auto en la I-75 en Atlanta, o que un ser querido haya resbalado y ca\u00eddo en una acera desigual en Montgomery, podr\u00eda reclamar da\u00f1os por ingresos perdidos, facturas m\u00e9dicas, dolor y sufrimiento, y posiblemente m\u00e1s.<\/p>\n<p>En esta publicaci\u00f3n, nuestro abogado de lesiones personales puede responder algunas de las preguntas m\u00e1s comunes que nos hacen nuestros clientes. Siga leyendo para obtener m\u00e1s informaci\u00f3n.<\/p>\n<h2><span class=\"ez-toc-section\" id=\"%C2%BFTiene_un_reclamo_por_lesiones_personales\"><\/span>\u00bfTiene un reclamo por lesiones personales?<span class=\"ez-toc-section-end\"><\/span><\/h2>\n<p>Una lesi\u00f3n personal es cualquier accidente en el que haya sufrido lesiones debido a las acciones o inacciones de otra persona o entidad. Para recibir compensaci\u00f3n por sus p\u00e9rdidas, debe demostrar c\u00f3mo la otra parte fue negligente y qui\u00e9n es responsable de los costos. Ejemplos de casos de lesiones personales incluyen:<\/p>\n<ul>\n<li aria-level=\"1\">Accidentes de veh\u00edculos motorizados<\/li>\n<li aria-level=\"1\">Accidentes de bicicletas y peatones<\/li>\n<li aria-level=\"1\">Muerte injusta<\/li>\n<li aria-level=\"1\">Abuso en asilos<\/li>\n<li aria-level=\"1\">Ca\u00eddas por resbalones<\/li>\n<li aria-level=\"1\">Mordeduras de perros<\/li>\n<li aria-level=\"1\">Productos defectuosos<\/li>\n<li aria-level=\"1\">Medicamentos peligrosos<\/li>\n<li aria-level=\"1\">Accidentes laborales<\/li>\n<\/ul>\n<p>Un abogado puede revisar su accidente y explicarle si su caso es una lesi\u00f3n personal.<\/p>\n<h2><span class=\"ez-toc-section\" id=\"%C2%BFCuanto_vale_su_reclamo_por_lesiones_personales\"><\/span>\u00bfCu\u00e1nto vale su reclamo por lesiones personales?<span class=\"ez-toc-section-end\"><\/span><\/h2>\n<p>No hay una respuesta sencilla a esta pregunta. Cada caso tiene caracter\u00edsticas \u00fanicas, por lo que no hay dos casos exactamente iguales. El valor de su caso depende de varios factores. Dicho esto, la gravedad de sus lesiones es uno de los factores m\u00e1s influyentes. Sus lesiones afectar\u00e1n la cantidad de atenci\u00f3n que necesitar\u00e1 para recuperarse, el impacto en su vida diaria y el dolor y sufrimiento que experimentar\u00e1.<\/p>\n<h2><span class=\"ez-toc-section\" id=\"%C2%BFQue_puede_reclamar_en_un_caso_de_lesiones_personales\"><\/span>\u00bfQu\u00e9 puede reclamar en un caso de lesiones personales?<span class=\"ez-toc-section-end\"><\/span><\/h2>\n<p>Las lesiones y p\u00e9rdidas que sufre en un accidente de lesiones personales se conocen legalmente como da\u00f1os. Existen varios tipos de da\u00f1os en los reclamos por lesiones personales, pero los da\u00f1os en su caso ser\u00e1n \u00fanicos para usted. Los tipos de da\u00f1os que puede reclamar podr\u00edan incluir:<\/p>\n<ul>\n<li aria-level=\"1\">Gastos m\u00e9dicos, como atenci\u00f3n en urgencias, estancias hospitalarias, medicamentos, pruebas y dispositivos de asistencia.<\/li>\n<li aria-level=\"1\">Rehabilitaci\u00f3n y terapia.<\/li>\n<li aria-level=\"1\">P\u00e9rdida de ingresos, incluidas propinas y bonificaciones.<\/li>\n<li aria-level=\"1\">Capacidad de ganancia reducida si sus lesiones le impiden volver a trabajar.<\/li>\n<li aria-level=\"1\">Reparaci\u00f3n o reemplazo de propiedad da\u00f1ada.<\/li>\n<li aria-level=\"1\">Reducci\u00f3n de la calidad de vida si sus lesiones le impiden disfrutar de las actividades que antes realizaba.<\/li>\n<li aria-level=\"1\">Cicatrices permanentes o discapacidad.<\/li>\n<li aria-level=\"1\">Dolor y sufrimiento.<\/li>\n<li aria-level=\"1\">Angustia emocional\/Trastorno de Estr\u00e9s Postraum\u00e1tico (TEPT).<\/li>\n<\/ul>\n<p>Si perdi\u00f3 a un ser querido, nuestro abogado de lesiones personales puede discutir los da\u00f1os que puede reclamar.<\/p>\n<h2><span class=\"ez-toc-section\" id=\"%C2%BFSu_acuerdo_por_lesiones_personales_esta_sujeto_a_impuestos\"><\/span>\u00bfSu acuerdo por lesiones personales est\u00e1 sujeto a impuestos?<span class=\"ez-toc-section-end\"><\/span><\/h2>\n<p>En la mayor\u00eda de los casos, no, su acuerdo no est\u00e1 sujeto a impuestos. Su abogado le recomendar\u00e1 que consulte a su contador para verificar que cumple con el IRS, ya que el C\u00f3digo del IRS cambia de vez en cuando sobre lo que est\u00e1 sujeto a impuestos.<\/p>\n<div class=\"custom-shortcode1\"><img decoding=\"async\" src=\"https:\/\/dlblawfirm.com\/wp-content\/uploads\/2025\/09\/dwayne-brown-attorney-cta.png\" alt=\"\u00a1Su Lesi\u00f3n Personal Merece Atenci\u00f3n Personalizada!\"><h3>\u00a1Su Lesi\u00f3n Personal Merece Atenci\u00f3n Personalizada!<\/h3><a href=\"tel:4047386000\">Llama Ahora<\/a><\/div>\n<h2><span class=\"ez-toc-section\" id=\"%C2%BFNecesita_un_abogado_de_lesiones_personales\"><\/span>\u00bfNecesita un abogado de lesiones personales?<span class=\"ez-toc-section-end\"><\/span><\/h2>\n<p>No existe ninguna ley que le obligue a contratar un abogado de lesiones personales para gestionar su reclamo. Puede construir su caso y presentar el reclamo por su cuenta si lo desea. Sin embargo, un abogado de accidentes puede gestionar su reclamo para que pueda recuperarse de sus lesiones sin estr\u00e9s adicional. Ellos comprenden el proceso de reclamos, sabr\u00e1n c\u00f3mo calcular el valor de todos sus da\u00f1os, tienen los recursos para recopilar pruebas y pueden luchar por la compensaci\u00f3n m\u00e1xima que merece.<\/p>\n<h2><span class=\"ez-toc-section\" id=\"%C2%BFCuanto_cuesta_un_abogado_de_lesiones_personales\"><\/span>\u00bfCu\u00e1nto cuesta un abogado de lesiones personales?<span class=\"ez-toc-section-end\"><\/span><\/h2>\n<p>La mayor\u00eda de los abogados de lesiones personales trabajan bajo un acuerdo de contingencia. Un acuerdo de honorarios por contingencia permite que la parte lesionada reciba representaci\u00f3n legal sin pagar honorarios de abogado por adelantado. En su lugar, el abogado de lesiones personales solo recibe un pago si la parte lesionada gana un acuerdo o compensaci\u00f3n judicial. Adem\u00e1s, el pago del abogado es una parte preaprobada del acuerdo ganado. Estos acuerdos alinean los objetivos del abogado con los de su cliente.<\/p>\n<h2><span class=\"ez-toc-section\" id=\"%C2%BFDebe_ir_a_la_corte\"><\/span>\u00bfDebe ir a la corte?<span class=\"ez-toc-section-end\"><\/span><\/h2>\n<p>Afortunadamente, la mayor\u00eda de los casos de lesiones personales se resuelven durante las negociaciones con la aseguradora. Seg\u00fan el <a href=\"https:\/\/bjs.ojp.gov\/content\/pub\/pdf\/tbjtsc05.pdf\">Departamento de Justicia de los Estados Unidos<\/a>, el 4% de los casos van a juicio. Parte de la raz\u00f3n por la que pocos casos van a juicio es el costo. A veces, es en el mejor inter\u00e9s de todos resolver el reclamo sin ir a la corte.<\/p>\n<p>Sin embargo, su abogado construir\u00e1 su caso y exigir\u00e1 una compensaci\u00f3n m\u00e1xima que refleje su verdadero valor. Si la aseguradora no acepta las pruebas presentadas y la compensaci\u00f3n demandada, su abogado le aconsejar\u00e1 llevar su caso a los tribunales.<\/p>\n<h2><span class=\"ez-toc-section\" id=\"%C2%BFQue_es_la_negligencia\"><\/span>\u00bfQu\u00e9 es la negligencia?<span class=\"ez-toc-section-end\"><\/span><\/h2>\n<p>La negligencia es el t\u00e9rmino legal que describe la falta de tomar precauciones o cuidados razonables. Generalmente se demuestra a trav\u00e9s de cuatro elementos:<\/p>\n<ul>\n<li aria-level=\"1\"><strong>Deber de cuidado<\/strong>: la responsabilidad del demandado por la seguridad del demandante.<\/li>\n<li aria-level=\"1\"><strong>Incumplimiento del deber<\/strong>: las acciones del demandado que pusieron en peligro al demandante.<\/li>\n<li aria-level=\"1\"><strong>Causalidad<\/strong>: el resultado de las acciones del demandado fue el accidente y las lesiones del demandante.<\/li>\n<li aria-level=\"1\"><strong>Da\u00f1os<\/strong>: el demandante ahora tiene lesiones f\u00edsicas, p\u00e9rdidas econ\u00f3micas y posiblemente trauma emocional debido a las acciones del demandado.<\/li>\n<\/ul>\n<p>Por ejemplo, usted y el otro conductor est\u00e1n en la carretera (deber de cuidado). El otro conductor se pas\u00f3 un sem\u00e1foro en rojo (incumplimiento del deber). Chocaron contra su autom\u00f3vil y usted sufri\u00f3 lesiones (causalidad). Ahora ha faltado al trabajo y tiene deudas m\u00e9dicas (da\u00f1os).<\/p>\n<h2><span class=\"ez-toc-section\" id=\"%C2%BFCual_es_la_diferencia_entre_negligencia_y_responsabilidad\"><\/span>\u00bfCu\u00e1l es la diferencia entre negligencia y responsabilidad?<span class=\"ez-toc-section-end\"><\/span><\/h2>\n<p>La negligencia se refiere a la parte que caus\u00f3 el accidente y las lesiones, mientras que la parte responsable es la que debe pagar por sus p\u00e9rdidas. En la mayor\u00eda de los casos, la responsabilidad y la negligencia recaen en la misma parte. Por ejemplo, el conductor que se pas\u00f3 el sem\u00e1foro en rojo y lo golpe\u00f3 es negligente y responsable. Sin embargo, hay ocasiones en que son dos partes diferentes, como cuando la empresa de transporte es responsable de las acciones de sus conductores. Esto se conoce como responsabilidad vicaria.<\/p>\n<h2><span class=\"ez-toc-section\" id=\"%C2%BFCuanto_tiempo_tiene_para_presentar_un_reclamo_por_lesiones_personales\"><\/span>\u00bfCu\u00e1nto tiempo tiene para presentar un reclamo por lesiones personales?<span class=\"ez-toc-section-end\"><\/span><\/h2>\n<p>Cada accidente tiene plazos. Dependiendo de su estado, tiene un n\u00famero de d\u00edas para presentar un informe de accidente de auto ante la polic\u00eda local. Tambi\u00e9n tiene un plazo para notificar a las aseguradoras sobre su accidente. Sin embargo, hay un plazo que no debe perder: el estatuto de limitaciones.<\/p>\n<p>Cada estado tiene un estatuto de limitaciones para cada tipo de caso, incluidas las lesiones personales. Si no presenta una demanda por lesiones personales antes de que venza el plazo, los tribunales desestimar\u00e1n su caso. Sin la capacidad de presentar una demanda, perder\u00e1 la capacidad de negociar eficazmente con las aseguradoras.<\/p>\n<p>El estatuto de limitaciones para lesiones personales en Alabama y Georgia es el siguiente:<\/p>\n<ul>\n<li aria-level=\"1\"><strong><a href=\"https:\/\/law.justia.com\/codes\/alabama\/2022\/title-6\/chapter-2\/article-2\/section-6-2-38\/\">AL Code \u00a7 6-2-38<\/a><\/strong>: Dos a\u00f1os desde la fecha del accidente.<\/li>\n<li aria-level=\"1\"><strong><a href=\"https:\/\/law.justia.com\/codes\/georgia\/2022\/title-9\/chapter-3\/article-2\/section-9-3-33\/\">O.C.G.A. \u00a7 9-3-33<\/a><\/strong>: Dos a\u00f1os desde la fecha del accidente.<\/li>\n<\/ul>\n<p>Dependiendo del tipo de caso que est\u00e9 persiguiendo, pueden aplicarse otros estatutos y plazos. Tambi\u00e9n puede haber excepciones a estos plazos que podr\u00edan pausarlos o interrumpirlos. Su abogado de lesiones personales puede revisar su caso y explicarle qu\u00e9 estatuto de limitaciones se aplica a su situaci\u00f3n y si hay alguna excepci\u00f3n.<\/p>\n<h2><span class=\"ez-toc-section\" id=\"%C2%BFCuanto_tiempo_tomara_resolver_su_reclamo_por_accidente\"><\/span>\u00bfCu\u00e1nto tiempo tomar\u00e1 resolver su reclamo por accidente?<span class=\"ez-toc-section-end\"><\/span><\/h2>\n<p>El tiempo que llevar\u00e1 resolver su reclamo depende de varios factores:<\/p>\n<ul>\n<li aria-level=\"1\">La complejidad de su caso.<\/li>\n<li aria-level=\"1\">La gravedad de sus lesiones.<\/li>\n<li aria-level=\"1\">La disposici\u00f3n de todas las partes para llegar a un acuerdo.<\/li>\n<\/ul>\n<p>Puede tomar desde meses hasta varios a\u00f1os resolver su caso.<\/p>\n<div class=\"custom-shortcode2\"><img decoding=\"async\" src=\"https:\/\/dlblawfirm.com\/wp-content\/uploads\/2025\/09\/dwayne-brown-attorney-cta.png\" alt=\"\u00a1Su Lesi\u00f3n Personal Merece Atenci\u00f3n Personalizada!\"><h3>\u00a1Su Lesi\u00f3n Personal Merece Atenci\u00f3n Personalizada!<\/h3><a href=\"#contact-section\">Llama Ahora<\/a><\/div>\n<h2><span class=\"ez-toc-section\" id=\"%C2%BFQue_debe_hacer_despues_de_un_accidente\"><\/span>\u00bfQu\u00e9 debe hacer despu\u00e9s de un accidente?<span class=\"ez-toc-section-end\"><\/span><\/h2>\n<p>Para proteger su salud y su reclamo, debe hacer lo siguiente:<\/p>\n<h3>Visite a un m\u00e9dico<\/h3>\n<p>Inmediatamente despu\u00e9s de un accidente, debe ver a un m\u00e9dico. Dependiendo de la gravedad de sus lesiones, vaya a la sala de emergencias. Debe ver a un m\u00e9dico lo antes posible por varias razones. La raz\u00f3n m\u00e1s importante es su salud. Ellos pueden diagnosticar sus lesiones, realizar pruebas para detectar cualquier lesi\u00f3n subyacente o no evidente, y comenzar un programa de tratamiento. La segunda raz\u00f3n es que sus informes crean un v\u00ednculo entre sus lesiones y el accidente.<\/p>\n<h3>Reporte el incidente<\/h3>\n<p>Todo accidente requiere que lo reporte. En algunos casos, deber\u00e1 informar el accidente a la polic\u00eda. Puede que tambi\u00e9n tenga que reportar su lesi\u00f3n a la administraci\u00f3n del lugar donde ocurri\u00f3 o a su supervisor inmediato si se lesion\u00f3 en el trabajo. Y deber\u00e1 reportar el accidente a las aseguradoras.<\/p>\n<p>Le recomendamos que evite hacer declaraciones a la aseguradora antes de hablar primero con un abogado.<\/p>\n<h3>Documente lo que pueda<\/h3>\n<p>Tome fotos y videos con su tel\u00e9fono. Tome notas de lo que recuerda. Lleve un diario de su recuperaci\u00f3n. Recoja toda la informaci\u00f3n que pueda y luego comp\u00e1rtala con su abogado.<\/p>\n<h2><span class=\"ez-toc-section\" id=\"Llame_a_la_oficina_de_abogados_de_Dwayne_L_Brown_para_obtener_respuestas_sobre_su_caso_de_lesiones_personales\"><\/span>Llame a la oficina de abogados de Dwayne L. Brown para obtener respuestas sobre su caso de lesiones personales<span class=\"ez-toc-section-end\"><\/span><\/h2>\n<p>La Oficina de Abogados de Dwayne L. Brown est\u00e1 reconocida como Super Lawyer y es miembro del foro Multi-Million Dollar Advocate, habiendo ganado millones de d\u00f3lares para sus clientes. Con 30 a\u00f1os gestionando casos de lesiones personales, el abogado Dwayne Brown cree que usted es el primero en el proceso legal.<\/p>\n<p>Obtenga respuestas a sus preguntas y descubra c\u00f3mo podemos ayudarle. Llame hoy para una consulta gratuita.<\/p>\n<p><strong>Cont\u00e1ctenos hoy<\/strong>.<\/p>\n","protected":false},"excerpt":{"rendered":"<p>Es comprensible que las personas que han sufrido lesiones en un accidente no est\u00e9n seguras sobre qu\u00e9 pasos seguir. Estar en casa sin poder trabajar, acumulando deudas m\u00e9dicas y sin saber qu\u00e9 hacer a continuaci\u00f3n es una situaci\u00f3n estresante para cualquiera. Para la mayor\u00eda, esta es la primera vez que deben presentar un reclamo por<\/p>\n<p><a class=\"button button-reverse\" href=\"https:\/\/dlblawfirm.com\/es\/faq\/\">Read the full article<\/a><\/p>\n","protected":false},"author":123,"featured_media":36495,"parent":0,"menu_order":0,"comment_status":"closed","ping_status":"closed","template":"","meta":{"_acf_changed":false,"inline_featured_image":false,"footnotes":""},"class_list":["post-37508","page","type-page","status-publish","has-post-thumbnail","hentry"],"acf":[],"yoast_head":"<!-- This site is optimized with the Yoast SEO plugin v27.3 - https:\/\/yoast.com\/product\/yoast-seo-wordpress\/ -->\n<title>Preguntas Frecuentes - Oficina Legal de Dwayne L. Brown<\/title>\n<meta name=\"description\" content=\"Encuentre respuestas a preguntas frecuentes sobre casos de lesiones personales y el proceso legal con DLB Law Firm.\" \/>\n<meta name=\"robots\" content=\"index, follow, max-snippet:-1, max-image-preview:large, max-video-preview:-1\" \/>\n<link rel=\"canonical\" href=\"https:\/\/dlblawfirm.com\/es\/faq\/\" \/>\n<meta property=\"og:locale\" content=\"es_ES\" \/>\n<meta property=\"og:type\" content=\"article\" \/>\n<meta property=\"og:title\" content=\"Preguntas Frecuentes - Oficina Legal de Dwayne L. Brown\" \/>\n<meta property=\"og:description\" content=\"Encuentre respuestas a preguntas frecuentes sobre casos de lesiones personales y el proceso legal con DLB Law Firm.\" \/>\n<meta property=\"og:url\" content=\"https:\/\/dlblawfirm.com\/es\/faq\/\" \/>\n<meta property=\"og:site_name\" content=\"Dwayne L. Brown\" \/>\n<meta property=\"article:modified_time\" content=\"2025-07-15T04:36:32+00:00\" \/>\n<meta property=\"og:image\" content=\"https:\/\/dlblawfirm.com\/wp-content\/uploads\/2024\/07\/Personal-Injury-Claim-FAQ.jpg\" \/>\n\t<meta property=\"og:image:width\" content=\"1280\" \/>\n\t<meta property=\"og:image:height\" content=\"720\" \/>\n\t<meta property=\"og:image:type\" content=\"image\/jpeg\" \/>\n<meta name=\"twitter:card\" content=\"summary_large_image\" \/>\n<meta name=\"twitter:label1\" content=\"Tiempo de lectura\" \/>\n\t<meta name=\"twitter:data1\" content=\"8 minutos\" \/>\n<!-- \/ Yoast SEO plugin. -->","yoast_head_json":{"title":"Preguntas Frecuentes - Oficina Legal de Dwayne L. Brown","description":"Encuentre respuestas a preguntas frecuentes sobre casos de lesiones personales y el proceso legal con DLB Law Firm.","robots":{"index":"index","follow":"follow","max-snippet":"max-snippet:-1","max-image-preview":"max-image-preview:large","max-video-preview":"max-video-preview:-1"},"canonical":"https:\/\/dlblawfirm.com\/es\/faq\/","og_locale":"es_ES","og_type":"article","og_title":"Preguntas Frecuentes - Oficina Legal de Dwayne L. Brown","og_description":"Encuentre respuestas a preguntas frecuentes sobre casos de lesiones personales y el proceso legal con DLB Law Firm.","og_url":"https:\/\/dlblawfirm.com\/es\/faq\/","og_site_name":"Dwayne L. Brown","article_modified_time":"2025-07-15T04:36:32+00:00","og_image":[{"width":1280,"height":720,"url":"https:\/\/dlblawfirm.com\/wp-content\/uploads\/2024\/07\/Personal-Injury-Claim-FAQ.jpg","type":"image\/jpeg"}],"twitter_card":"summary_large_image","twitter_misc":{"Tiempo de lectura":"8 minutos"},"schema":{"@context":"https:\/\/schema.org","@graph":[{"@type":"WebPage","@id":"https:\/\/dlblawfirm.com\/es\/faq\/","url":"https:\/\/dlblawfirm.com\/es\/faq\/","name":"Preguntas Frecuentes - Oficina Legal de Dwayne L. Brown","isPartOf":{"@id":"https:\/\/dlblawfirm.com\/es\/#website"},"primaryImageOfPage":{"@id":"https:\/\/dlblawfirm.com\/es\/faq\/#primaryimage"},"image":{"@id":"https:\/\/dlblawfirm.com\/es\/faq\/#primaryimage"},"thumbnailUrl":"https:\/\/dlblawfirm.com\/wp-content\/uploads\/2024\/07\/Personal-Injury-Claim-FAQ.jpg","datePublished":"2024-09-17T10:59:27+00:00","dateModified":"2025-07-15T04:36:32+00:00","description":"Encuentre respuestas a preguntas frecuentes sobre casos de lesiones personales y el proceso legal con DLB Law Firm.","breadcrumb":{"@id":"https:\/\/dlblawfirm.com\/es\/faq\/#breadcrumb"},"inLanguage":"es","potentialAction":[{"@type":"ReadAction","target":["https:\/\/dlblawfirm.com\/es\/faq\/"]}]},{"@type":"ImageObject","inLanguage":"es","@id":"https:\/\/dlblawfirm.com\/es\/faq\/#primaryimage","url":"https:\/\/dlblawfirm.com\/wp-content\/uploads\/2024\/07\/Personal-Injury-Claim-FAQ.jpg","contentUrl":"https:\/\/dlblawfirm.com\/wp-content\/uploads\/2024\/07\/Personal-Injury-Claim-FAQ.jpg","width":1280,"height":720,"caption":"Personal Injury Claim FAQ"},{"@type":"BreadcrumbList","@id":"https:\/\/dlblawfirm.com\/es\/faq\/#breadcrumb","itemListElement":[{"@type":"ListItem","position":1,"name":"Home","item":"https:\/\/dlblawfirm.com\/es\/"},{"@type":"ListItem","position":2,"name":"Preguntas frecuentes sobre reclamos por lesiones personales"}]},{"@type":"WebSite","@id":"https:\/\/dlblawfirm.com\/es\/#website","url":"https:\/\/dlblawfirm.com\/es\/","name":"Dwayne L. Brown","description":"Just another WordPress site","potentialAction":[{"@type":"SearchAction","target":{"@type":"EntryPoint","urlTemplate":"https:\/\/dlblawfirm.com\/es\/?s={search_term_string}"},"query-input":{"@type":"PropertyValueSpecification","valueRequired":true,"valueName":"search_term_string"}}],"inLanguage":"es"}]}},"_links":{"self":[{"href":"https:\/\/dlblawfirm.com\/es\/wp-json\/wp\/v2\/pages\/37508","targetHints":{"allow":["GET"]}}],"collection":[{"href":"https:\/\/dlblawfirm.com\/es\/wp-json\/wp\/v2\/pages"}],"about":[{"href":"https:\/\/dlblawfirm.com\/es\/wp-json\/wp\/v2\/types\/page"}],"author":[{"embeddable":true,"href":"https:\/\/dlblawfirm.com\/es\/wp-json\/wp\/v2\/users\/123"}],"replies":[{"embeddable":true,"href":"https:\/\/dlblawfirm.com\/es\/wp-json\/wp\/v2\/comments?post=37508"}],"version-history":[{"count":0,"href":"https:\/\/dlblawfirm.com\/es\/wp-json\/wp\/v2\/pages\/37508\/revisions"}],"wp:featuredmedia":[{"embeddable":true,"href":"https:\/\/dlblawfirm.com\/es\/wp-json\/wp\/v2\/media\/36495"}],"wp:attachment":[{"href":"https:\/\/dlblawfirm.com\/es\/wp-json\/wp\/v2\/media?parent=37508"}],"curies":[{"name":"wp","href":"https:\/\/api.w.org\/{rel}","templated":true}]}}