{"id":37506,"date":"2022-07-26T15:19:38","date_gmt":"2022-07-26T15:19:38","guid":{"rendered":"https:\/\/dlblawfirm.com\/resultados-de-casos-de-the-law-office-of-dwayne-l-brown\/"},"modified":"2025-02-02T13:03:20","modified_gmt":"2025-02-02T13:03:20","slug":"resultados-de-casos","status":"publish","type":"page","link":"https:\/\/dlblawfirm.com\/es\/resultados-de-casos\/","title":{"rendered":"Resultados de casos de The Law Office of Dwayne L. Brown"},"content":{"rendered":"<p><span style=\"font-weight: 400;\">The Law Office of Dwayne L. Brown ha representado con \u00e9xito a personas en m\u00e1s de 10 estados de los Estados Unidos, obteniendo resoluciones millonarias en numerosos casos. Debido a acuerdos de confidencialidad, la firma no puede divulgar detalles espec\u00edficos.<\/span><\/p>\n<p><span style=\"font-weight: 400;\">Los siguientes casos no representan la totalidad de los resultados obtenidos para nuestros clientes, pero se destacan para resaltar nuestra amplia experiencia en el manejo de casos de lesiones personales.<\/span><\/p>\n","protected":false},"excerpt":{"rendered":"<p>The Law Office of Dwayne L. Brown ha representado con \u00e9xito a personas en m\u00e1s de 10 estados de los Estados Unidos, obteniendo resoluciones millonarias en numerosos casos. Debido a acuerdos de confidencialidad, la firma no puede divulgar detalles espec\u00edficos. Los siguientes casos no representan la totalidad de los resultados obtenidos para nuestros clientes, pero<\/p>\n<p><a class=\"button button-reverse\" href=\"https:\/\/dlblawfirm.com\/es\/resultados-de-casos\/\">Read the full article<\/a><\/p>\n","protected":false},"author":4,"featured_media":0,"parent":0,"menu_order":0,"comment_status":"closed","ping_status":"closed","template":"template-case-results.php","meta":{"_acf_changed":false,"inline_featured_image":false,"footnotes":""},"class_list":["post-37506","page","type-page","status-publish","hentry"],"acf":[],"yoast_head":"<!-- This site is optimized with the Yoast SEO plugin v27.5 - https:\/\/yoast.com\/product\/yoast-seo-wordpress\/ -->\n<title>Resultados de The Law Office of Dwayne L. Brown - Dwayne L. Brown<\/title>\n<meta name=\"description\" content=\"Hemos representado con \u00e9xito a personas en m\u00e1s de 10 estados de los Estados Unidos y resuelto numerosos casos de varios millones de d\u00f3lares. \u00a1Con\u00f3zcalos!\" \/>\n<meta name=\"robots\" content=\"index, follow, max-snippet:-1, max-image-preview:large, max-video-preview:-1\" \/>\n<link rel=\"canonical\" href=\"https:\/\/dlblawfirm.com\/es\/resultados-de-casos\/\" \/>\n<meta property=\"og:locale\" content=\"es_ES\" \/>\n<meta property=\"og:type\" content=\"article\" \/>\n<meta property=\"og:title\" content=\"Resultados de The Law Office of Dwayne L. Brown - Dwayne L. Brown\" \/>\n<meta property=\"og:description\" content=\"Hemos representado con \u00e9xito a personas en m\u00e1s de 10 estados de los Estados Unidos y resuelto numerosos casos de varios millones de d\u00f3lares. \u00a1Con\u00f3zcalos!\" \/>\n<meta property=\"og:url\" content=\"https:\/\/dlblawfirm.com\/es\/resultados-de-casos\/\" \/>\n<meta property=\"og:site_name\" content=\"Dwayne L. Brown\" \/>\n<meta property=\"article:modified_time\" content=\"2025-02-02T13:03:20+00:00\" \/>\n<meta name=\"twitter:card\" content=\"summary_large_image\" \/>\n<meta name=\"twitter:label1\" content=\"Tiempo de lectura\" \/>\n\t<meta name=\"twitter:data1\" content=\"1 minuto\" \/>\n<!-- \/ Yoast SEO plugin. -->","yoast_head_json":{"title":"Resultados de The Law Office of Dwayne L. Brown - Dwayne L. Brown","description":"Hemos representado con \u00e9xito a personas en m\u00e1s de 10 estados de los Estados Unidos y resuelto numerosos casos de varios millones de d\u00f3lares. \u00a1Con\u00f3zcalos!","robots":{"index":"index","follow":"follow","max-snippet":"max-snippet:-1","max-image-preview":"max-image-preview:large","max-video-preview":"max-video-preview:-1"},"canonical":"https:\/\/dlblawfirm.com\/es\/resultados-de-casos\/","og_locale":"es_ES","og_type":"article","og_title":"Resultados de The Law Office of Dwayne L. Brown - Dwayne L. Brown","og_description":"Hemos representado con \u00e9xito a personas en m\u00e1s de 10 estados de los Estados Unidos y resuelto numerosos casos de varios millones de d\u00f3lares. \u00a1Con\u00f3zcalos!","og_url":"https:\/\/dlblawfirm.com\/es\/resultados-de-casos\/","og_site_name":"Dwayne L. Brown","article_modified_time":"2025-02-02T13:03:20+00:00","twitter_card":"summary_large_image","twitter_misc":{"Tiempo de lectura":"1 minuto"},"schema":{"@context":"https:\/\/schema.org","@graph":[{"@type":"WebPage","@id":"https:\/\/dlblawfirm.com\/es\/resultados-de-casos\/","url":"https:\/\/dlblawfirm.com\/es\/resultados-de-casos\/","name":"Resultados de The Law Office of Dwayne L. Brown - Dwayne L. Brown","isPartOf":{"@id":"https:\/\/dlblawfirm.com\/es\/#website"},"datePublished":"2022-07-26T15:19:38+00:00","dateModified":"2025-02-02T13:03:20+00:00","description":"Hemos representado con \u00e9xito a personas en m\u00e1s de 10 estados de los Estados Unidos y resuelto numerosos casos de varios millones de d\u00f3lares. \u00a1Con\u00f3zcalos!","breadcrumb":{"@id":"https:\/\/dlblawfirm.com\/es\/resultados-de-casos\/#breadcrumb"},"inLanguage":"es","potentialAction":[{"@type":"ReadAction","target":["https:\/\/dlblawfirm.com\/es\/resultados-de-casos\/"]}]},{"@type":"BreadcrumbList","@id":"https:\/\/dlblawfirm.com\/es\/resultados-de-casos\/#breadcrumb","itemListElement":[{"@type":"ListItem","position":1,"name":"Home","item":"https:\/\/dlblawfirm.com\/es\/"},{"@type":"ListItem","position":2,"name":"Resultados de casos de The Law Office of Dwayne L. Brown"}]},{"@type":"WebSite","@id":"https:\/\/dlblawfirm.com\/es\/#website","url":"https:\/\/dlblawfirm.com\/es\/","name":"Dwayne L. Brown","description":"Just another WordPress site","potentialAction":[{"@type":"SearchAction","target":{"@type":"EntryPoint","urlTemplate":"https:\/\/dlblawfirm.com\/es\/?s={search_term_string}"},"query-input":{"@type":"PropertyValueSpecification","valueRequired":true,"valueName":"search_term_string"}}],"inLanguage":"es"}]}},"_links":{"self":[{"href":"https:\/\/dlblawfirm.com\/es\/wp-json\/wp\/v2\/pages\/37506","targetHints":{"allow":["GET"]}}],"collection":[{"href":"https:\/\/dlblawfirm.com\/es\/wp-json\/wp\/v2\/pages"}],"about":[{"href":"https:\/\/dlblawfirm.com\/es\/wp-json\/wp\/v2\/types\/page"}],"author":[{"embeddable":true,"href":"https:\/\/dlblawfirm.com\/es\/wp-json\/wp\/v2\/users\/4"}],"replies":[{"embeddable":true,"href":"https:\/\/dlblawfirm.com\/es\/wp-json\/wp\/v2\/comments?post=37506"}],"version-history":[{"count":0,"href":"https:\/\/dlblawfirm.com\/es\/wp-json\/wp\/v2\/pages\/37506\/revisions"}],"wp:attachment":[{"href":"https:\/\/dlblawfirm.com\/es\/wp-json\/wp\/v2\/media?parent=37506"}],"curies":[{"name":"wp","href":"https:\/\/api.w.org\/{rel}","templated":true}]}}