{"id":36430,"date":"2024-07-05T18:59:41","date_gmt":"2024-07-05T18:59:41","guid":{"rendered":"https:\/\/dlblawfirm.com\/?page_id=36430"},"modified":"2025-02-02T13:03:39","modified_gmt":"2025-02-02T13:03:39","slug":"politica-de-privacidad","status":"publish","type":"page","link":"https:\/\/dlblawfirm.com\/es\/politica-de-privacidad\/","title":{"rendered":"Pol\u00edtica de Privacidad"},"content":{"rendered":"<p><em>\u00daltima actualizaci\u00f3n: 12 de junio de 2024<\/em><\/p>\n<p>Lea atentamente estos t\u00e9rminos y condiciones antes de utilizar nuestro servicio.<\/p>\n<h2><span class=\"ez-toc-section\" id=\"Interpretacion_y_definiciones\"><\/span>Interpretaci\u00f3n y definiciones<span class=\"ez-toc-section-end\"><\/span><\/h2>\n<h3>Interpretaci\u00f3n<\/h3>\n<p>Las palabras cuya letra inicial est\u00e1 en may\u00fascula tienen significados definidos bajo las siguientes condiciones. Las siguientes definiciones tendr\u00e1n el mismo significado independientemente de que aparezcan en singular o en plural.<\/p>\n<h3>Definiciones<\/h3>\n<p>Para los efectos de esta Pol\u00edtica de Privacidad:<\/p>\n<p><strong>Cuenta<\/strong> significa una cuenta \u00fanica creada para que Usted acceda a nuestro Servicio o partes de nuestro Servicio.<\/p>\n<p><strong>Afiliada<\/strong> significa una entidad que controla, est\u00e1 controlada por o est\u00e1 bajo control com\u00fan con una parte, donde \u00abcontrol\u00bb significa propiedad del 50% o m\u00e1s de las acciones, participaci\u00f3n accionaria u otros valores con derecho a votar para la elecci\u00f3n de directores u otra autoridad administrativa. .<\/p>\n<p><strong>Compa\u00f1\u00eda<\/strong> (denominada \u201cla Compa\u00f1\u00eda\u201d, \u201cNosotros\u201d, \u201cNos\u201d o \u201cNuestro\u201d en este Acuerdo) se refiere a The Law Office of Dwayne L. Brown, 3390 Peachtree Rd NE, Suite 1100 Atlanta, GA 30326.<\/p>\n<p><strong>Las cookies<\/strong> son peque\u00f1os archivos que un sitio web coloca en su computadora, dispositivo m\u00f3vil o cualquier otro dispositivo y que contienen los detalles de su historial de navegaci\u00f3n en ese sitio web, entre sus muchos usos.<\/p>\n<p><strong>Pa\u00eds<\/strong> se refiere a: Georgia, Estados Unidos<\/p>\n<p><strong>Dispositivo<\/strong> significa cualquier dispositivo que pueda acceder al Servicio, como una computadora, un tel\u00e9fono celular o una tableta digital.<\/p>\n<p><strong>Datos personales<\/strong> es cualquier informaci\u00f3n que se relacione con un individuo identificado o identificable.<\/p>\n<p><strong>El servicio<\/strong> se refiere al sitio web.<\/p>\n<p><strong>Proveedor de servicios<\/strong> significa cualquier persona f\u00edsica o jur\u00eddica que procese los datos en nombre de la Compa\u00f1\u00eda. Se refiere a empresas de terceros o personas empleadas por la Compa\u00f1\u00eda para facilitar el Servicio, proporcionar el Servicio en nombre de la Compa\u00f1\u00eda, realizar servicios relacionados con el Servicio o ayudar a la Compa\u00f1\u00eda a analizar c\u00f3mo se utiliza el Servicio.<\/p>\n<p><strong>Los Datos de uso<\/strong> se refieren a los datos recopilados autom\u00e1ticamente, ya sea generados por el uso del Servicio o por la propia infraestructura del Servicio (por ejemplo, la duraci\u00f3n de una visita a una p\u00e1gina).<\/p>\n<p><strong>El sitio web<\/strong> se refiere a <a href=\"https:\/\/dlblawfirm.com\">The Law Office of Dwayne L. Brown<\/a>.<\/p>\n<p><strong>Usted<\/strong> se refiere a la persona que accede o utiliza el Servicio, o la empresa u otra entidad legal en nombre de la cual dicha persona accede o utiliza el Servicio, seg\u00fan corresponda.<\/p>\n<h2><span class=\"ez-toc-section\" id=\"Recopilacion_y_uso_de_sus_datos_personales\"><\/span>Recopilaci\u00f3n y uso de sus datos personales<span class=\"ez-toc-section-end\"><\/span><\/h2>\n<h3>Tipos de datos recopilados<\/h3>\n<h4><em><strong>Informaci\u00f3n personal<\/strong><\/em><\/h4>\n<p>Al utilizar nuestro servicio, podemos pedirle que nos proporcione cierta informaci\u00f3n de identificaci\u00f3n personal que pueda usarse para contactarlo o identificarlo. La informaci\u00f3n de identificaci\u00f3n personal puede incluir, entre otras:<\/p>\n<p>Direcci\u00f3n de correo electr\u00f3nico<\/p>\n<p>Nombre y apellido<\/p>\n<p>N\u00famero de tel\u00e9fono<\/p>\n<p>Direcci\u00f3n, Estado, Provincia, C\u00f3digo Postal, Ciudad<\/p>\n<h4><em><strong>Datos de uso<\/strong><\/em><\/h4>\n<p>Los datos de uso se recopilan autom\u00e1ticamente cuando se utiliza el Servicio.<\/p>\n<p>Los datos de uso pueden incluir informaci\u00f3n como la direcci\u00f3n de protocolo de Internet de su dispositivo (por ejemplo, direcci\u00f3n IP), tipo de navegador, versi\u00f3n del navegador, las p\u00e1ginas de nuestro Servicio que visita, la hora y fecha de su visita, el tiempo dedicado a esas p\u00e1ginas, dispositivo \u00fanico identificadores y otros datos de diagn\u00f3stico.<\/p>\n<p>Cuando accede al Servicio mediante o a trav\u00e9s de un dispositivo m\u00f3vil, podemos recopilar cierta informaci\u00f3n autom\u00e1ticamente, que incluye, entre otros, el tipo de dispositivo m\u00f3vil que utiliza, la identificaci\u00f3n \u00fanica de su dispositivo m\u00f3vil, la direcci\u00f3n IP de su dispositivo m\u00f3vil, su sistema operativo, el tipo de navegador de Internet m\u00f3vil que utiliza, identificadores \u00fanicos de dispositivo y otros datos de diagn\u00f3stico.<\/p>\n<p>Tambi\u00e9n podemos recopilar informaci\u00f3n que su navegador env\u00eda cada vez que visita nuestro Servicio o cuando accede al Servicio mediante un dispositivo m\u00f3vil.<\/p>\n<h4><em><strong>Tecnolog\u00edas de seguimiento y cookies<\/strong><\/em><\/h4>\n<p>Utilizamos cookies y tecnolog\u00edas de seguimiento similares para rastrear la actividad en Nuestro Servicio y almacenar cierta informaci\u00f3n. Las tecnolog\u00edas de seguimiento utilizadas son balizas, etiquetas y scripts para recopilar y rastrear informaci\u00f3n y mejorar y analizar Nuestro Servicio. Las tecnolog\u00edas que utilizamos pueden incluir:<\/p>\n<ul>\n<li>Cookies o Cookies del Navegador. Una cookie es un peque\u00f1o archivo colocado en su dispositivo. Puede indicarle a su navegador que rechace todas las cookies o que indique cu\u00e1ndo se env\u00eda una cookie. Sin embargo, si no acepta las cookies, es posible que no pueda utilizar algunas partes de nuestro Servicio. A menos que haya ajustado la configuraci\u00f3n de su navegador para que rechace cookies, nuestro Servicio puede utilizar cookies.<\/li>\n<li>Balizas web. Ciertas secciones de nuestro Servicio y nuestros correos electr\u00f3nicos pueden contener peque\u00f1os archivos electr\u00f3nicos conocidos como balizas web (tambi\u00e9n conocidos como gifs transparentes, etiquetas de p\u00edxel y gifs de un solo p\u00edxel) que permiten a la Compa\u00f1\u00eda, por ejemplo, contar los usuarios que han visitado esas p\u00e1ginas. o abri\u00f3 un correo electr\u00f3nico y para otras estad\u00edsticas relacionadas con el sitio web (por ejemplo, registrar la popularidad de una determinada secci\u00f3n y verificar la integridad del sistema y del servidor).<\/li>\n<\/ul>\n<p>Las cookies pueden ser Cookies \u201cPersistentes\u201d o de \u201cSesi\u00f3n\u201d. Las cookies persistentes permanecen en su computadora personal o dispositivo m\u00f3vil cuando se desconecta, mientras que las cookies de sesi\u00f3n se eliminan tan pronto como cierra su navegador web. Puede obtener m\u00e1s informaci\u00f3n sobre las cookies en el art\u00edculo del sitio web TermsFeed.<\/p>\n<p>Utilizamos cookies de sesi\u00f3n y persistentes para los fines que se detallan a continuaci\u00f3n:<\/p>\n<p><strong>Cookies necesarias\/esenciales<\/strong><\/p>\n<p>Tipo: Cookies de sesi\u00f3n<\/p>\n<p>Administrado por: Nosotros<\/p>\n<p>Prop\u00f3sito: Estas cookies son esenciales para brindarle los servicios disponibles a trav\u00e9s del sitio web y permitirle utilizar algunas de sus funciones. Ayudan a autenticar a los usuarios y evitar el uso fraudulento de cuentas de usuario. Sin estas Cookies, no se pueden proporcionar los servicios que ha solicitado y solo utilizamos estas Cookies para brindarle esos servicios.<\/p>\n<p><strong>Pol\u00edtica de Cookies \/ Aviso de Aceptaci\u00f3n de Cookies<\/strong><\/p>\n<p>Tipo: Cookies persistentes<\/p>\n<p>Administrado por: Nosotros<\/p>\n<p>Finalidad: Estas Cookies identifican si los usuarios han aceptado el uso de cookies en el Sitio Web.<\/p>\n<p><strong>Cookies de funcionalidad<\/strong><\/p>\n<p>Tipo: Cookies persistentes<\/p>\n<p>Administrado por: Nosotros<\/p>\n<p>Prop\u00f3sito: Estas cookies nos permiten recordar las elecciones que realiza cuando utiliza el sitio web, como recordar sus datos de inicio de sesi\u00f3n o su preferencia de idioma. El prop\u00f3sito de estas Cookies es brindarle una experiencia m\u00e1s personal y evitar que tenga que volver a ingresar sus preferencias cada vez que utiliza el sitio web.<\/p>\n<p>Para obtener m\u00e1s informaci\u00f3n sobre las cookies que utilizamos y sus opciones con respecto a las cookies, visite nuestra Pol\u00edtica de Cookies o la secci\u00f3n de Cookies de nuestra Pol\u00edtica de Privacidad.<\/p>\n<h3>Uso de sus datos personales<\/h3>\n<p>La Compa\u00f1\u00eda podr\u00e1 utilizar Datos Personales para los siguientes fines:<\/p>\n<p>Para proporcionar y mantener nuestro Servicio, incluido monitorear el uso de nuestro Servicio.<\/p>\n<p>Para administrar Su Cuenta: para administrar Su registro como usuario del Servicio. Los Datos Personales que usted proporciona pueden darle acceso a diferentes funcionalidades del Servicio que est\u00e1n disponibles para Usted como usuario registrado.<\/p>\n<p>Para la ejecuci\u00f3n de un contrato: el desarrollo, cumplimiento y ejecuci\u00f3n del contrato de compra de los productos, art\u00edculos o servicios que Usted haya adquirido o de cualquier otro contrato con Nosotros a trav\u00e9s del Servicio.<\/p>\n<p>Para contactarlo: Para contactarlo por correo electr\u00f3nico, llamadas telef\u00f3nicas, SMS u otras formas de comunicaci\u00f3n electr\u00f3nica equivalentes, como notificaciones push de una aplicaci\u00f3n m\u00f3vil sobre actualizaciones o comunicaciones informativas relacionadas con las funcionalidades, productos o servicios contratados, incluidas las actualizaciones de seguridad. cuando sea necesario o razonable para su implementaci\u00f3n.<\/p>\n<p>Para brindarle noticias, ofertas especiales e informaci\u00f3n general sobre otros bienes, servicios y eventos que ofrecemos que son similares a los que ya compr\u00f3 o sobre los que ya realiz\u00f3 consultas, a menos que haya optado por no recibir dicha informaci\u00f3n.<\/p>\n<p>Para gestionar Sus solicitudes: Para atender y gestionar Sus solicitudes hacia Nosotros.<\/p>\n<p>Para transferencias comerciales: podemos utilizar su informaci\u00f3n para evaluar o llevar a cabo una fusi\u00f3n, desinversi\u00f3n, reestructuraci\u00f3n, reorganizaci\u00f3n, disoluci\u00f3n u otra venta o transferencia de algunos o todos nuestros activos, ya sea como empresa en funcionamiento o como parte de una quiebra, liquidaci\u00f3n, o procedimiento similar, en el que los datos personales que tenemos sobre los usuarios de nuestro servicio se encuentran entre los activos transferidos.<\/p>\n<p>Para otros fines: podemos utilizar su informaci\u00f3n para otros fines, como an\u00e1lisis de datos, identificaci\u00f3n de tendencias de uso, determinaci\u00f3n de la efectividad de nuestras campa\u00f1as promocionales y para evaluar y mejorar nuestro Servicio, productos, servicios, marketing y su experiencia.<\/p>\n<p>Podemos compartir su informaci\u00f3n personal en las siguientes situaciones:<\/p>\n<ul>\n<li>Con proveedores de servicios: podemos compartir su informaci\u00f3n personal con proveedores de servicios para monitorear y analizar el uso de nuestro servicio y comunicarnos con usted.<\/li>\n<li>Para transferencias comerciales: podemos compartir o transferir su informaci\u00f3n personal en relaci\u00f3n con, o durante las negociaciones de, cualquier fusi\u00f3n, venta de activos de la Compa\u00f1\u00eda, financiamiento o adquisici\u00f3n de todo o una parte de Nuestro negocio a otra compa\u00f1\u00eda.<\/li>\n<li>Con afiliados: podemos compartir su informaci\u00f3n con nuestros afiliados, en cuyo caso les exigiremos que respeten esta Pol\u00edtica de privacidad. Las afiliadas incluyen Nuestra empresa matriz y cualquier otra subsidiaria, socios de empresas conjuntas u otras empresas que controlamos o que est\u00e1n bajo control com\u00fan con Nosotros.<\/li>\n<li>Con socios comerciales: podemos compartir su informaci\u00f3n con nuestros socios comerciales para ofrecerle ciertos productos, servicios o promociones.<\/li>\n<li>Con otros usuarios: cuando comparte informaci\u00f3n personal o interact\u00faa de otro modo en las \u00e1reas p\u00fablicas con otros usuarios, dicha informaci\u00f3n puede ser vista por todos los usuarios y puede distribuirse p\u00fablicamente en el exterior.<\/li>\n<li>Con su consentimiento: podemos divulgar su informaci\u00f3n personal para cualquier otro prop\u00f3sito con su consentimiento.<\/li>\n<\/ul>\n<h3>Conservaci\u00f3n de sus datos personales<\/h3>\n<p>La Compa\u00f1\u00eda conservar\u00e1 sus datos personales solo durante el tiempo que sea necesario para los fines establecidos en esta Pol\u00edtica de privacidad. Conservaremos y utilizaremos sus datos personales en la medida necesaria para cumplir con nuestras obligaciones legales (por ejemplo, si debemos conservar sus datos para cumplir con las leyes aplicables), resolver disputas y hacer cumplir nuestros acuerdos y pol\u00edticas legales.<\/p>\n<p>La Compa\u00f1\u00eda tambi\u00e9n conservar\u00e1 los Datos de uso para fines de an\u00e1lisis interno. Los datos de uso generalmente se conservan durante un per\u00edodo de tiempo m\u00e1s corto, excepto cuando estos datos se utilizan para fortalecer la seguridad o mejorar la funcionalidad de Nuestro Servicio, o cuando estamos legalmente obligados a conservar estos datos durante per\u00edodos de tiempo m\u00e1s largos.<\/p>\n<h3>Transferencia de sus datos personales<\/h3>\n<p>Su informaci\u00f3n, incluidos los Datos Personales, es procesada en las oficinas operativas de la Compa\u00f1\u00eda y en cualquier otro lugar donde se encuentren las partes involucradas en el procesamiento. Significa que esta informaci\u00f3n puede transferirse y mantenerse en computadoras ubicadas fuera de Su estado, provincia, pa\u00eds u otra jurisdicci\u00f3n gubernamental donde las leyes de protecci\u00f3n de datos pueden diferir de las de Su jurisdicci\u00f3n.<\/p>\n<p>Su consentimiento a esta Pol\u00edtica de Privacidad seguido de su env\u00edo de dicha informaci\u00f3n representa su aceptaci\u00f3n de esa transferencia.<\/p>\n<p>La Compa\u00f1\u00eda tomar\u00e1 todas las medidas razonablemente necesarias para garantizar que Sus datos sean tratados de forma segura y de acuerdo con esta Pol\u00edtica de Privacidad y no se realizar\u00e1 ninguna transferencia de Sus Datos Personales a una organizaci\u00f3n o pa\u00eds a menos que existan controles adecuados establecidos, incluida la seguridad de Sus datos y otra informaci\u00f3n personal.<\/p>\n<h3>Elimina tus datos personales<\/h3>\n<p>Tiene derecho a eliminar o solicitar que le ayudemos a eliminar los datos personales que hemos recopilado sobre usted.<\/p>\n<p>Nuestro Servicio puede brindarle la posibilidad de eliminar cierta informaci\u00f3n sobre Usted desde el Servicio.<\/p>\n<p>Puede actualizar, modificar o eliminar Su informaci\u00f3n en cualquier momento iniciando sesi\u00f3n en Su Cuenta, si tiene una, y visitando la secci\u00f3n de configuraci\u00f3n de la cuenta que le permite administrar Su informaci\u00f3n personal. Tambi\u00e9n puede comunicarse con nosotros para solicitar acceso, corregir o eliminar cualquier informaci\u00f3n personal que nos haya proporcionado.<\/p>\n<p>Sin embargo, tenga en cuenta que es posible que necesitemos conservar cierta informaci\u00f3n cuando tengamos una obligaci\u00f3n legal o una base legal para hacerlo.<\/p>\n<h3>Divulgaci\u00f3n de sus datos personales<\/h3>\n<h4><em><strong>Transacciones de negocios<\/strong><\/em><\/h4>\n<p>Si la Compa\u00f1\u00eda est\u00e1 involucrada en una fusi\u00f3n, adquisici\u00f3n o venta de activos, sus datos personales pueden ser transferidos. Le avisaremos antes de que sus datos personales se transfieran y queden sujetos a una pol\u00edtica de privacidad diferente.<\/p>\n<h4><strong><em>Cumplimiento de la ley<\/em><\/strong><\/h4>\n<p>En determinadas circunstancias, es posible que se le solicite a la Compa\u00f1\u00eda que revele sus datos personales si as\u00ed lo exige la ley o en respuesta a solicitudes v\u00e1lidas de autoridades p\u00fablicas (por ejemplo, un tribunal o una agencia gubernamental).<\/p>\n<h4><em><strong>Otros requisitos legales<\/strong><\/em><\/h4>\n<p>La Compa\u00f1\u00eda puede divulgar sus datos personales de buena fe cuando considere que dicha acci\u00f3n es necesaria para:<\/p>\n<ul>\n<li>Cumplir con una obligaci\u00f3n legal<\/li>\n<li>Proteger y defender los derechos o bienes de la Empresa<\/li>\n<li>Prevenir o investigar posibles irregularidades en relaci\u00f3n con el Servicio<\/li>\n<li>Proteger la seguridad personal de los Usuarios del Servicio o del p\u00fablico.<\/li>\n<li>Proteger contra responsabilidad legal<\/li>\n<\/ul>\n<h3>Seguridad de sus datos personales<\/h3>\n<p>La seguridad de sus datos personales es importante para nosotros, pero recuerde que ning\u00fan m\u00e9todo de transmisi\u00f3n a trav\u00e9s de Internet o m\u00e9todo de almacenamiento electr\u00f3nico es 100 % seguro. Si bien nos esforzamos por utilizar medios comercialmente aceptables para proteger sus datos personales, no podemos garantizar su seguridad absoluta.<\/p>\n<h2><span class=\"ez-toc-section\" id=\"Privacidad_de_los_ninos\"><\/span>Privacidad de los ni\u00f1os<span class=\"ez-toc-section-end\"><\/span><\/h2>\n<p>Nuestro Servicio no est\u00e1 dirigido a personas menores de 13 a\u00f1os. No recopilamos conscientemente informaci\u00f3n de identificaci\u00f3n personal de ninguna persona menor de 13 a\u00f1os. Si usted es padre o tutor y sabe que su hijo nos ha proporcionado datos personales, por favor Cont\u00e1ctenos. Si nos damos cuenta de que hemos recopilado datos personales de cualquier persona menor de 13 a\u00f1os sin verificaci\u00f3n del consentimiento de los padres, tomamos medidas para eliminar esa informaci\u00f3n de nuestros servidores.<\/p>\n<p>Si necesitamos confiar en el consentimiento como base legal para procesar Su informaci\u00f3n y Su pa\u00eds requiere el consentimiento de uno de sus padres, podemos requerir el consentimiento de Sus padres antes de recopilar y utilizar esa informaci\u00f3n.<\/p>\n<h2><span class=\"ez-toc-section\" id=\"Enlaces_a_otros_sitios_web\"><\/span>Enlaces a otros sitios web<span class=\"ez-toc-section-end\"><\/span><\/h2>\n<p>Nuestro Servicio puede contener enlaces a otros sitios web que no son operados por Nosotros. Si hace clic en el enlace de un tercero, ser\u00e1 dirigido al sitio de ese tercero. Le recomendamos encarecidamente que revise la Pol\u00edtica de privacidad de cada sitio que visite.<\/p>\n<p>No tenemos control ni asumimos ninguna responsabilidad por el contenido, las pol\u00edticas de privacidad o las pr\u00e1cticas de sitios o servicios de terceros.<\/p>\n<h2><span class=\"ez-toc-section\" id=\"Cambios_a_esta_Politica_de_Privacidad\"><\/span>Cambios a esta Pol\u00edtica de Privacidad<span class=\"ez-toc-section-end\"><\/span><\/h2>\n<p>Podemos actualizar Nuestra Pol\u00edtica de Privacidad de vez en cuando. Le notificaremos cualquier cambio publicando la nueva Pol\u00edtica de Privacidad en esta p\u00e1gina.<\/p>\n<p>Le informaremos por correo electr\u00f3nico y\/o un aviso destacado en Nuestro Servicio, antes de que el cambio entre en vigor y actualizaremos la fecha de \u00ab\u00daltima actualizaci\u00f3n\u00bb en la parte superior de esta Pol\u00edtica de Privacidad.<\/p>\n<p>Se le recomienda revisar esta Pol\u00edtica de Privacidad peri\u00f3dicamente para detectar cualquier cambio. Los cambios a esta Pol\u00edtica de Privacidad entran en vigencia cuando se publican en esta p\u00e1gina.<\/p>\n<h2><span class=\"ez-toc-section\" id=\"Contactenos\"><\/span>Cont\u00e1ctenos<span class=\"ez-toc-section-end\"><\/span><\/h2>\n<p>Si tiene alguna pregunta sobre estos T\u00e9rminos y condiciones, puede contactarnos:<\/p>\n<p>Por correo electr\u00f3nico: <a href=\"mailto:dl********@***il.com\" data-original-string=\"y3jrkAqmpvZ0lkfQx3wwbA==9f5wmVzlQb1htfhms8zOAJVCQqFOXlFhj9yNsVVekrrtmg=\" title=\"Este contacto ha sido codificado por Anti-Spam by CleanTalk. Haz clic para decodificar. Para finalizar la decodificaci\u00f3n, aseg\u00farate de que JavaScript est\u00e1 activado en tu navegador.\"><span \n                data-original-string='lHhz72vikjHYOqoWvGjfxg==9f5bLNzgQ+Y0G0RO61nh2aG3In6pkxHChCYS5cTsijrBmE='\n                class='apbct-email-encoder'\n                title='Este contacto ha sido codificado por Anti-Spam by CleanTalk. Haz clic para decodificar. Para finalizar la decodificaci\u00f3n, aseg\u00farate de que JavaScript est\u00e1 activado en tu navegador.'>dl<span class=\"apbct-blur\">********<\/span>@<span class=\"apbct-blur\">***<\/span>il.com<\/span><\/a><\/p>\n<p>Visitando esta p\u00e1gina en nuestro sitio web: <a href=\"https:\/\/dlblawfirm.com\/es\/contacto\/\">Contact<\/a><\/p>\n<p>Por n\u00famero de tel\u00e9fono: <a href=\"tel:+14047386000\">404.738.6000<\/a><\/p>\n","protected":false},"excerpt":{"rendered":"<p>\u00daltima actualizaci\u00f3n: 12 de junio de 2024 Lea atentamente estos t\u00e9rminos y condiciones antes de utilizar nuestro servicio. Interpretaci\u00f3n y definiciones Interpretaci\u00f3n Las palabras cuya letra inicial est\u00e1 en may\u00fascula tienen significados definidos bajo las siguientes condiciones. Las siguientes definiciones tendr\u00e1n el mismo significado independientemente de que aparezcan en singular o en plural. Definiciones Para<\/p>\n<p><a class=\"button button-reverse\" href=\"https:\/\/dlblawfirm.com\/es\/politica-de-privacidad\/\">Read the full article<\/a><\/p>\n","protected":false},"author":123,"featured_media":0,"parent":0,"menu_order":0,"comment_status":"closed","ping_status":"closed","template":"","meta":{"_acf_changed":false,"inline_featured_image":false,"footnotes":""},"class_list":["post-36430","page","type-page","status-publish","hentry"],"acf":[],"yoast_head":"<!-- This site is optimized with the Yoast SEO plugin v27.4 - https:\/\/yoast.com\/product\/yoast-seo-wordpress\/ -->\n<title>Pol\u00edtica de Privacidad | Dwayne L. Brown<\/title>\n<meta name=\"description\" content=\"Obtenga informaci\u00f3n sobre c\u00f3mo recopilamos, utilizamos y protegemos su informaci\u00f3n personal en nuestra empresa. Su privacidad es nuestra prioridad. Lea nuestra Pol\u00edtica de Privacidad para obtener m\u00e1s detalles.\" \/>\n<meta name=\"robots\" content=\"index, follow, max-snippet:-1, max-image-preview:large, max-video-preview:-1\" \/>\n<link rel=\"canonical\" href=\"https:\/\/dlblawfirm.com\/es\/politica-de-privacidad\/\" \/>\n<meta property=\"og:locale\" content=\"es_ES\" \/>\n<meta property=\"og:type\" content=\"article\" \/>\n<meta property=\"og:title\" content=\"Pol\u00edtica de Privacidad | Dwayne L. Brown\" \/>\n<meta property=\"og:description\" content=\"Obtenga informaci\u00f3n sobre c\u00f3mo recopilamos, utilizamos y protegemos su informaci\u00f3n personal en nuestra empresa. Su privacidad es nuestra prioridad. Lea nuestra Pol\u00edtica de Privacidad para obtener m\u00e1s detalles.\" \/>\n<meta property=\"og:url\" content=\"https:\/\/dlblawfirm.com\/es\/politica-de-privacidad\/\" \/>\n<meta property=\"og:site_name\" content=\"Dwayne L. Brown\" \/>\n<meta property=\"article:modified_time\" content=\"2025-02-02T13:03:39+00:00\" \/>\n<meta name=\"twitter:card\" content=\"summary_large_image\" \/>\n<meta name=\"twitter:label1\" content=\"Tiempo de lectura\" \/>\n\t<meta name=\"twitter:data1\" content=\"11 minutos\" \/>\n<!-- \/ Yoast SEO plugin. -->","yoast_head_json":{"title":"Pol\u00edtica de Privacidad | Dwayne L. Brown","description":"Obtenga informaci\u00f3n sobre c\u00f3mo recopilamos, utilizamos y protegemos su informaci\u00f3n personal en nuestra empresa. Su privacidad es nuestra prioridad. Lea nuestra Pol\u00edtica de Privacidad para obtener m\u00e1s detalles.","robots":{"index":"index","follow":"follow","max-snippet":"max-snippet:-1","max-image-preview":"max-image-preview:large","max-video-preview":"max-video-preview:-1"},"canonical":"https:\/\/dlblawfirm.com\/es\/politica-de-privacidad\/","og_locale":"es_ES","og_type":"article","og_title":"Pol\u00edtica de Privacidad | Dwayne L. Brown","og_description":"Obtenga informaci\u00f3n sobre c\u00f3mo recopilamos, utilizamos y protegemos su informaci\u00f3n personal en nuestra empresa. Su privacidad es nuestra prioridad. Lea nuestra Pol\u00edtica de Privacidad para obtener m\u00e1s detalles.","og_url":"https:\/\/dlblawfirm.com\/es\/politica-de-privacidad\/","og_site_name":"Dwayne L. Brown","article_modified_time":"2025-02-02T13:03:39+00:00","twitter_card":"summary_large_image","twitter_misc":{"Tiempo de lectura":"11 minutos"},"schema":{"@context":"https:\/\/schema.org","@graph":[{"@type":"WebPage","@id":"https:\/\/dlblawfirm.com\/es\/politica-de-privacidad\/","url":"https:\/\/dlblawfirm.com\/es\/politica-de-privacidad\/","name":"Pol\u00edtica de Privacidad | Dwayne L. Brown","isPartOf":{"@id":"https:\/\/dlblawfirm.com\/es\/#website"},"datePublished":"2024-07-05T18:59:41+00:00","dateModified":"2025-02-02T13:03:39+00:00","description":"Obtenga informaci\u00f3n sobre c\u00f3mo recopilamos, utilizamos y protegemos su informaci\u00f3n personal en nuestra empresa. Su privacidad es nuestra prioridad. Lea nuestra Pol\u00edtica de Privacidad para obtener m\u00e1s detalles.","breadcrumb":{"@id":"https:\/\/dlblawfirm.com\/es\/politica-de-privacidad\/#breadcrumb"},"inLanguage":"es","potentialAction":[{"@type":"ReadAction","target":["https:\/\/dlblawfirm.com\/es\/politica-de-privacidad\/"]}]},{"@type":"BreadcrumbList","@id":"https:\/\/dlblawfirm.com\/es\/politica-de-privacidad\/#breadcrumb","itemListElement":[{"@type":"ListItem","position":1,"name":"Home","item":"https:\/\/dlblawfirm.com\/es\/"},{"@type":"ListItem","position":2,"name":"Pol\u00edtica de Privacidad"}]},{"@type":"WebSite","@id":"https:\/\/dlblawfirm.com\/es\/#website","url":"https:\/\/dlblawfirm.com\/es\/","name":"Dwayne L. Brown","description":"Just another WordPress site","potentialAction":[{"@type":"SearchAction","target":{"@type":"EntryPoint","urlTemplate":"https:\/\/dlblawfirm.com\/es\/?s={search_term_string}"},"query-input":{"@type":"PropertyValueSpecification","valueRequired":true,"valueName":"search_term_string"}}],"inLanguage":"es"}]}},"_links":{"self":[{"href":"https:\/\/dlblawfirm.com\/es\/wp-json\/wp\/v2\/pages\/36430","targetHints":{"allow":["GET"]}}],"collection":[{"href":"https:\/\/dlblawfirm.com\/es\/wp-json\/wp\/v2\/pages"}],"about":[{"href":"https:\/\/dlblawfirm.com\/es\/wp-json\/wp\/v2\/types\/page"}],"author":[{"embeddable":true,"href":"https:\/\/dlblawfirm.com\/es\/wp-json\/wp\/v2\/users\/123"}],"replies":[{"embeddable":true,"href":"https:\/\/dlblawfirm.com\/es\/wp-json\/wp\/v2\/comments?post=36430"}],"version-history":[{"count":0,"href":"https:\/\/dlblawfirm.com\/es\/wp-json\/wp\/v2\/pages\/36430\/revisions"}],"wp:attachment":[{"href":"https:\/\/dlblawfirm.com\/es\/wp-json\/wp\/v2\/media?parent=36430"}],"curies":[{"name":"wp","href":"https:\/\/api.w.org\/{rel}","templated":true}]}}