{"id":36426,"date":"2025-01-12T13:10:21","date_gmt":"2025-01-12T13:10:21","guid":{"rendered":"https:\/\/dlblawfirm.com\/?page_id=36426"},"modified":"2025-02-02T13:04:21","modified_gmt":"2025-02-02T13:04:21","slug":"terminos-y-condiciones","status":"publish","type":"page","link":"https:\/\/dlblawfirm.com\/es\/terminos-y-condiciones\/","title":{"rendered":"T\u00e9rminos y condiciones"},"content":{"rendered":"<h2><span class=\"ez-toc-section\" id=\"Terminos_y_condiciones\"><\/span>T\u00e9rminos y condiciones<span class=\"ez-toc-section-end\"><\/span><\/h2>\n<p><em>\u00daltima actualizaci\u00f3n: 12 de junio de 2024<\/em><\/p>\n<p>Lea atentamente estos t\u00e9rminos y condiciones antes de utilizar nuestro servicio.<\/p>\n<h2><span class=\"ez-toc-section\" id=\"Interpretacion_y_definiciones\"><\/span>Interpretaci\u00f3n y definiciones<span class=\"ez-toc-section-end\"><\/span><\/h2>\n<h3>Interpretaci\u00f3n<\/h3>\n<p>Las palabras cuya letra inicial est\u00e1 en may\u00fascula tienen significados definidos bajo las siguientes condiciones. Las siguientes definiciones tendr\u00e1n el mismo significado independientemente de que aparezcan en singular o en plural.<\/p>\n<h3>Definiciones<\/h3>\n<p>Para los efectos de estos T\u00e9rminos y condiciones:<\/p>\n<p>Afiliada significa una entidad que controla, est\u00e1 controlada por o est\u00e1 bajo control com\u00fan con una parte, donde \u00abcontrol\u00bb significa propiedad del 50% o m\u00e1s de las acciones, participaci\u00f3n accionaria u otros valores con derecho a votar para la elecci\u00f3n de directores u otra autoridad administrativa. .<\/p>\n<p>Pa\u00eds se refiere a: Georgia, Estados Unidos<\/p>\n<p>Compa\u00f1\u00eda (denominada \u201cla Compa\u00f1\u00eda\u201d, \u201cNosotros\u201d, \u201cNos\u201d o \u201cNuestro\u201d en este Acuerdo) se refiere a The Law Office of Dwayne L. Brown, 3390 Peachtree Rd NE, Suite 1100 Atlanta, GA 30326.<\/p>\n<p>Dispositivo significa cualquier dispositivo que pueda acceder al Servicio, como una computadora, un tel\u00e9fono celular o una tableta digital.<\/p>\n<p>El servicio se refiere al sitio web.<\/p>\n<p>T\u00e9rminos y condiciones (tambi\u00e9n denominados \u201cT\u00e9rminos\u201d) significan estos T\u00e9rminos y condiciones que forman el acuerdo completo entre usted y la Compa\u00f1\u00eda con respecto al uso del Servicio. Este acuerdo de T\u00e9rminos y condiciones se ha creado con la ayuda del Generador de t\u00e9rminos y condiciones.<\/p>\n<p>Servicio de redes sociales de terceros significa cualquier servicio o contenido (incluidos datos, informaci\u00f3n, productos o servicios) proporcionado por un tercero que puede mostrarse, incluirse o ponerse a disposici\u00f3n mediante el Servicio.<\/p>\n<p>El sitio web se refiere a The Law Office of Dwayne L. Brown, accesible desde https:\/\/dlblawfirm.com\/<\/p>\n<p>Usted se refiere a la persona que accede o utiliza el Servicio, o la empresa u otra entidad legal en nombre de la cual dicha persona accede o utiliza el Servicio, seg\u00fan corresponda.<\/p>\n<h3>Reconocimiento<\/h3>\n<p>Estos son los T\u00e9rminos y condiciones que rigen el uso de este Servicio y el acuerdo que opera entre Usted y la Compa\u00f1\u00eda. Estos T\u00e9rminos y condiciones establecen los derechos y obligaciones de todos los usuarios con respecto al uso del Servicio.<\/p>\n<p>Su acceso y uso del Servicio est\u00e1 condicionado a su aceptaci\u00f3n y cumplimiento de estos T\u00e9rminos y condiciones. Estos T\u00e9rminos y condiciones se aplican a todos los visitantes, usuarios y otras personas que acceden o utilizan el Servicio.<\/p>\n<p>Al acceder o utilizar el Servicio, usted acepta estar sujeto a estos T\u00e9rminos y condiciones. Si no est\u00e1 de acuerdo con alguna parte de estos T\u00e9rminos y condiciones, no podr\u00e1 acceder al Servicio.<\/p>\n<p>Usted declara que es mayor de 18 a\u00f1os. La Compa\u00f1\u00eda no permite que menores de 18 a\u00f1os utilicen el Servicio.<\/p>\n<p>Su acceso y uso del Servicio tambi\u00e9n est\u00e1 condicionado a su aceptaci\u00f3n y cumplimiento de la Pol\u00edtica de Privacidad de la Compa\u00f1\u00eda. Nuestra Pol\u00edtica de privacidad describe Nuestras pol\u00edticas y procedimientos sobre la recopilaci\u00f3n, el uso y la divulgaci\u00f3n de Su informaci\u00f3n personal cuando utiliza la Aplicaci\u00f3n o el Sitio web y le informa sobre Sus derechos de privacidad y c\u00f3mo la ley lo protege. Lea atentamente nuestra Pol\u00edtica de privacidad antes de utilizar nuestro servicio.<\/p>\n<h2><span class=\"ez-toc-section\" id=\"Enlaces_a_otros_sitios_web\"><\/span>Enlaces a otros sitios web<span class=\"ez-toc-section-end\"><\/span><\/h2>\n<p>Nuestro Servicio puede contener enlaces a sitios web o servicios de terceros que no son propiedad de la Compa\u00f1\u00eda ni est\u00e1n controlados por ella.<\/p>\n<p>La Compa\u00f1\u00eda no tiene control ni asume ninguna responsabilidad por el contenido, las pol\u00edticas de privacidad o las pr\u00e1cticas de los sitios web o servicios de terceros. Adem\u00e1s, reconoce y acepta que la Compa\u00f1\u00eda no ser\u00e1 responsable, directa o indirectamente, de ning\u00fan da\u00f1o o p\u00e9rdida causada o presuntamente causada por o en conexi\u00f3n con el uso o la confianza en dicho contenido, bienes o servicios disponibles en o a trav\u00e9s de dichos sitios web o servicios.<\/p>\n<p>Le recomendamos encarecidamente que lea los t\u00e9rminos y condiciones y las pol\u00edticas de privacidad de los sitios web o servicios de terceros que visite.<\/p>\n<h2><span class=\"ez-toc-section\" id=\"Terminacion\"><\/span>Terminaci\u00f3n<span class=\"ez-toc-section-end\"><\/span><\/h2>\n<p>Podemos cancelar o suspender Su acceso inmediatamente, sin previo aviso ni responsabilidad, por cualquier motivo, incluido, entre otros, si incumple estos T\u00e9rminos y condiciones.<\/p>\n<p>Tras la rescisi\u00f3n, su derecho a utilizar el Servicio cesar\u00e1 inmediatamente.<\/p>\n<h2><span class=\"ez-toc-section\" id=\"Limitacion_de_responsabilidad\"><\/span>Limitaci\u00f3n de responsabilidad<span class=\"ez-toc-section-end\"><\/span><\/h2>\n<p>Independientemente de los da\u00f1os en los que pueda incurrir, la responsabilidad total de la Compa\u00f1\u00eda y cualquiera de sus proveedores seg\u00fan cualquier disposici\u00f3n de estos T\u00e9rminos y su recurso exclusivo por todo lo anterior se limitar\u00e1 al monto realmente pagado por usted a trav\u00e9s del Servicio o 100 USD. si no ha comprado nada a trav\u00e9s del Servicio.<\/p>\n<p>En la m\u00e1xima medida permitida por la ley aplicable, en ning\u00fan caso la Compa\u00f1\u00eda o sus proveedores ser\u00e1n responsables de ning\u00fan da\u00f1o especial, incidental, indirecto o consecuente de ning\u00fan tipo (incluidos, entre otros, da\u00f1os por p\u00e9rdida de ganancias, p\u00e9rdida de datos o otra informaci\u00f3n, por interrupci\u00f3n del negocio, por lesiones personales, p\u00e9rdida de privacidad que surja de o est\u00e9 relacionada de alguna manera con el uso o la imposibilidad de usar el Servicio, el software de terceros y\/o el hardware de terceros utilizado con el Servicio, o de otro modo en relaci\u00f3n con cualquier disposici\u00f3n de estos T\u00e9rminos), incluso si la Compa\u00f1\u00eda o cualquier proveedor han sido advertidos de la posibilidad de tales da\u00f1os e incluso si el remedio no cumple con su prop\u00f3sito esencial.<\/p>\n<p>Algunos estados no permiten la exclusi\u00f3n de garant\u00edas impl\u00edcitas o la limitaci\u00f3n de responsabilidad por da\u00f1os incidentales o consecuentes, lo que significa que algunas de las limitaciones anteriores pueden no aplicarse. En estos estados, la responsabilidad de cada parte se limitar\u00e1 en la mayor medida permitida por la ley.<\/p>\n<h2><span class=\"ez-toc-section\" id=\"Descargo_de_responsabilidad_%E2%80%9CTAL_CUAL%E2%80%9D_y_%E2%80%9CSEGUN_DISPONIBILIDAD%E2%80%9D\"><\/span>Descargo de responsabilidad \u201cTAL CUAL\u201d y \u201cSEG\u00daN DISPONIBILIDAD\u201d<span class=\"ez-toc-section-end\"><\/span><\/h2>\n<p>El Servicio se le proporciona \u00abTAL CUAL\u00bb y \u00abSEG\u00daN DISPONIBILIDAD\u00bb y con todas las fallas y defectos sin garant\u00eda de ning\u00fan tipo. En la medida m\u00e1xima permitida por la ley aplicable, la Compa\u00f1\u00eda, en su propio nombre y en nombre de sus Afiliados y sus respectivos licenciantes y proveedores de servicios, renuncia expresamente a todas las garant\u00edas, ya sean expresas, impl\u00edcitas, legales o de otro tipo, con respecto a la Servicio, incluidas todas las garant\u00edas impl\u00edcitas de comerciabilidad, idoneidad para un prop\u00f3sito particular, t\u00edtulo y no infracci\u00f3n, y garant\u00edas que puedan surgir del curso del trato, curso del desempe\u00f1o, uso o pr\u00e1ctica comercial. Sin limitaci\u00f3n a lo anterior, la Compa\u00f1\u00eda no ofrece garant\u00eda ni compromiso, y no hace ninguna declaraci\u00f3n de ning\u00fan tipo de que el Servicio cumplir\u00e1 con Sus requisitos, lograr\u00e1 los resultados previstos, ser\u00e1 compatible o funcionar\u00e1 con cualquier otro software, aplicaci\u00f3n, sistema o servicio, operar\u00e1 sin interrupci\u00f3n, cumplir con cualquier est\u00e1ndar de rendimiento o confiabilidad o estar libre de errores o que cualquier error o defecto pueda o ser\u00e1 corregido.<\/p>\n<p>Sin limitar lo anterior, ni la Compa\u00f1\u00eda ni ninguno de los proveedores de la compa\u00f1\u00eda hacen ninguna representaci\u00f3n o garant\u00eda de ning\u00fan tipo, expresa o impl\u00edcita: (i) en cuanto al funcionamiento o disponibilidad del Servicio, o la informaci\u00f3n, el contenido y los materiales o productos. incluido en el mismo; (ii) que el Servicio ser\u00e1 ininterrumpido o estar\u00e1 libre de errores; (iii) en cuanto a la exactitud, confiabilidad o vigencia de cualquier informaci\u00f3n o contenido proporcionado a trav\u00e9s del Servicio; o (iv) que el Servicio, sus servidores, el contenido o los correos electr\u00f3nicos enviados desde o en nombre de la Compa\u00f1\u00eda est\u00e1n libres de virus, scripts, troyanos, gusanos, malware, bombas de tiempo u otros componentes da\u00f1inos.<\/p>\n<p>Algunas jurisdicciones no permiten la exclusi\u00f3n de ciertos tipos de garant\u00edas o limitaciones de los derechos legales aplicables de un consumidor, por lo que es posible que algunas o todas las exclusiones y limitaciones anteriores no se apliquen a usted. Pero en tal caso, las exclusiones y limitaciones establecidas en esta secci\u00f3n se aplicar\u00e1n en la mayor medida exigible seg\u00fan la ley aplicable.<\/p>\n<h2><span class=\"ez-toc-section\" id=\"Ley_que_rige\"><\/span>Ley que rige<span class=\"ez-toc-section-end\"><\/span><\/h2>\n<p>Las leyes del Pa\u00eds, excluyendo sus conflictos de normas legales, regir\u00e1n estos T\u00e9rminos y Su uso del Servicio. Su uso de la Aplicaci\u00f3n tambi\u00e9n puede estar sujeto a otras leyes locales, estatales, nacionales o internacionales.<\/p>\n<h2><span class=\"ez-toc-section\" id=\"Resolucion_de_disputas\"><\/span>Resoluci\u00f3n de disputas<span class=\"ez-toc-section-end\"><\/span><\/h2>\n<p>Si tiene alguna inquietud o disputa sobre el Servicio, acepta intentar primero resolver la disputa de manera informal comunic\u00e1ndose con la Compa\u00f1\u00eda.<\/p>\n<h2><span class=\"ez-toc-section\" id=\"Para_usuarios_de_la_Union_Europea_UE\"><\/span>Para usuarios de la Uni\u00f3n Europea (UE)<span class=\"ez-toc-section-end\"><\/span><\/h2>\n<p>Si es un consumidor de la Uni\u00f3n Europea, se beneficiar\u00e1 de las disposiciones obligatorias de la ley del pa\u00eds en el que reside.<\/p>\n<h2><span class=\"ez-toc-section\" id=\"Cumplimiento_legal_de_Estados_Unidos\"><\/span>Cumplimiento legal de Estados Unidos<span class=\"ez-toc-section-end\"><\/span><\/h2>\n<p>Usted declara y garantiza que (i) no se encuentra en un pa\u00eds que est\u00e9 sujeto al embargo del gobierno de los Estados Unidos, o que haya sido designado por el gobierno de los Estados Unidos como un pa\u00eds que \u00abapoya al terrorismo\u00bb, y (ii) no est\u00e1 incluido en cualquier lista del gobierno de los Estados Unidos de partes prohibidas o restringidas.<\/p>\n<h2><span class=\"ez-toc-section\" id=\"Divisibilidad_y_renuncia\"><\/span>Divisibilidad y renuncia<span class=\"ez-toc-section-end\"><\/span><\/h2>\n<h3>Divisibilidad<\/h3>\n<p>Si alguna disposici\u00f3n de estos T\u00e9rminos se considera inaplicable o inv\u00e1lida, dicha disposici\u00f3n se modificar\u00e1 e interpretar\u00e1 para lograr los objetivos de dicha disposici\u00f3n en la mayor medida posible seg\u00fan la ley aplicable y las disposiciones restantes continuar\u00e1n en pleno vigor y efecto.<\/p>\n<h3>Exenci\u00f3n<\/h3>\n<p>Salvo lo dispuesto en el presente, el hecho de no ejercer un derecho o exigir el cumplimiento de una obligaci\u00f3n en virtud de estos T\u00e9rminos no afectar\u00e1 la capacidad de una parte para ejercer dicho derecho o exigir dicho cumplimiento en cualquier momento posterior ni la renuncia a un incumplimiento constituir\u00e1 una renuncia a cualquier incumplimiento posterior.<\/p>\n<h3>Traducci\u00f3n Interpretaci\u00f3n<\/h3>\n<p>Es posible que estos T\u00e9rminos y condiciones se hayan traducido si los hemos puesto a su disposici\u00f3n en nuestro Servicio. Usted acepta que el texto original en ingl\u00e9s prevalecer\u00e1 en caso de disputa.<\/p>\n<h2><span class=\"ez-toc-section\" id=\"Cambios_a_estos_terminos_y_condiciones\"><\/span>Cambios a estos t\u00e9rminos y condiciones<span class=\"ez-toc-section-end\"><\/span><\/h2>\n<p>Nos reservamos el derecho, a nuestra entera discreci\u00f3n, de modificar o reemplazar estos T\u00e9rminos en cualquier momento. Si una revisi\u00f3n es importante, haremos esfuerzos razonables para avisar con al menos 30 d\u00edas de antelaci\u00f3n antes de que los nuevos t\u00e9rminos entren en vigor. Lo que constituye un cambio material se determinar\u00e1 a Nuestro exclusivo criterio.<\/p>\n<p>Al continuar accediendo o utilizando Nuestro Servicio despu\u00e9s de que esas revisiones entren en vigencia, usted acepta estar sujeto a los t\u00e9rminos revisados. Si no acepta los nuevos t\u00e9rminos, total o parcialmente, deje de utilizar el sitio web y el Servicio.<\/p>\n<h2><span class=\"ez-toc-section\" id=\"Contactenos\"><\/span>Cont\u00e1ctenos<span class=\"ez-toc-section-end\"><\/span><\/h2>\n<p>Si tiene alguna pregunta sobre estos T\u00e9rminos y condiciones, puede contactarnos:<\/p>\n<p>Por correo electr\u00f3nico: <a href=\"mailto:dl********@***il.com\" data-original-string=\"dnjcNywVxCLKI0zZgVCUWw==9f5MY7x\/8u6U03j0dwRRcSjZLVAmzZzEiFGgA\/WvdzM4vQ=\" title=\"Este contacto ha sido codificado por Anti-Spam by CleanTalk. Haz clic para decodificar. Para finalizar la decodificaci\u00f3n, aseg\u00farate de que JavaScript est\u00e1 activado en tu navegador.\"><span \n                data-original-string='HgfoxEvL6\/R756eck\/BEJg==9f5U14dPsqt3r0W51yWdi8tGVAdP4JO2UsiszIf5U4xGBc='\n                class='apbct-email-encoder'\n                title='Este contacto ha sido codificado por Anti-Spam by CleanTalk. Haz clic para decodificar. Para finalizar la decodificaci\u00f3n, aseg\u00farate de que JavaScript est\u00e1 activado en tu navegador.'>dl<span class=\"apbct-blur\">********<\/span>@<span class=\"apbct-blur\">***<\/span>il.com<\/span><\/a><\/p>\n<p>Visitando esta p\u00e1gina en nuestro sitio web: <a href=\"https:\/\/dllawfirm.com\/contact\/\">Contact<\/a><\/p>\n<p>Por n\u00famero de tel\u00e9fono: <a href=\"tel:+14049620876\">404.962.0876<\/a><\/p>\n","protected":false},"excerpt":{"rendered":"<p>T\u00e9rminos y condiciones \u00daltima actualizaci\u00f3n: 12 de junio de 2024 Lea atentamente estos t\u00e9rminos y condiciones antes de utilizar nuestro servicio. Interpretaci\u00f3n y definiciones Interpretaci\u00f3n Las palabras cuya letra inicial est\u00e1 en may\u00fascula tienen significados definidos bajo las siguientes condiciones. Las siguientes definiciones tendr\u00e1n el mismo significado independientemente de que aparezcan en singular o en<\/p>\n<p><a class=\"button button-reverse\" href=\"https:\/\/dlblawfirm.com\/es\/terminos-y-condiciones\/\">Read the full article<\/a><\/p>\n","protected":false},"author":123,"featured_media":0,"parent":0,"menu_order":0,"comment_status":"closed","ping_status":"closed","template":"","meta":{"_acf_changed":false,"inline_featured_image":false,"footnotes":""},"class_list":["post-36426","page","type-page","status-publish","hentry"],"acf":[],"yoast_head":"<!-- This site is optimized with the Yoast SEO plugin v27.5 - https:\/\/yoast.com\/product\/yoast-seo-wordpress\/ -->\n<title>T\u00e9rminos y condiciones | Dwayne L. Brown<\/title>\n<meta name=\"description\" content=\"Comprenda los t\u00e9rminos y condiciones que rigen el uso de nuestros servicios. Nuestros T\u00e9rminos y Condiciones describen sus derechos y responsabilidades. Lea m\u00e1s para obtener informaci\u00f3n completa.\" \/>\n<meta name=\"robots\" content=\"index, follow, max-snippet:-1, max-image-preview:large, max-video-preview:-1\" \/>\n<link rel=\"canonical\" href=\"https:\/\/dlblawfirm.com\/es\/terminos-y-condiciones\/\" \/>\n<meta property=\"og:locale\" content=\"es_ES\" \/>\n<meta property=\"og:type\" content=\"article\" \/>\n<meta property=\"og:title\" content=\"T\u00e9rminos y condiciones | Dwayne L. Brown\" \/>\n<meta property=\"og:description\" content=\"Comprenda los t\u00e9rminos y condiciones que rigen el uso de nuestros servicios. Nuestros T\u00e9rminos y Condiciones describen sus derechos y responsabilidades. Lea m\u00e1s para obtener informaci\u00f3n completa.\" \/>\n<meta property=\"og:url\" content=\"https:\/\/dlblawfirm.com\/es\/terminos-y-condiciones\/\" \/>\n<meta property=\"og:site_name\" content=\"Dwayne L. Brown\" \/>\n<meta property=\"article:modified_time\" content=\"2025-02-02T13:04:21+00:00\" \/>\n<meta name=\"twitter:card\" content=\"summary_large_image\" \/>\n<meta name=\"twitter:label1\" content=\"Tiempo de lectura\" \/>\n\t<meta name=\"twitter:data1\" content=\"8 minutos\" \/>\n<!-- \/ Yoast SEO plugin. -->","yoast_head_json":{"title":"T\u00e9rminos y condiciones | Dwayne L. Brown","description":"Comprenda los t\u00e9rminos y condiciones que rigen el uso de nuestros servicios. Nuestros T\u00e9rminos y Condiciones describen sus derechos y responsabilidades. Lea m\u00e1s para obtener informaci\u00f3n completa.","robots":{"index":"index","follow":"follow","max-snippet":"max-snippet:-1","max-image-preview":"max-image-preview:large","max-video-preview":"max-video-preview:-1"},"canonical":"https:\/\/dlblawfirm.com\/es\/terminos-y-condiciones\/","og_locale":"es_ES","og_type":"article","og_title":"T\u00e9rminos y condiciones | Dwayne L. Brown","og_description":"Comprenda los t\u00e9rminos y condiciones que rigen el uso de nuestros servicios. Nuestros T\u00e9rminos y Condiciones describen sus derechos y responsabilidades. Lea m\u00e1s para obtener informaci\u00f3n completa.","og_url":"https:\/\/dlblawfirm.com\/es\/terminos-y-condiciones\/","og_site_name":"Dwayne L. Brown","article_modified_time":"2025-02-02T13:04:21+00:00","twitter_card":"summary_large_image","twitter_misc":{"Tiempo de lectura":"8 minutos"},"schema":{"@context":"https:\/\/schema.org","@graph":[{"@type":"WebPage","@id":"https:\/\/dlblawfirm.com\/es\/terminos-y-condiciones\/","url":"https:\/\/dlblawfirm.com\/es\/terminos-y-condiciones\/","name":"T\u00e9rminos y condiciones | Dwayne L. Brown","isPartOf":{"@id":"https:\/\/dlblawfirm.com\/es\/#website"},"datePublished":"2025-01-12T13:10:21+00:00","dateModified":"2025-02-02T13:04:21+00:00","description":"Comprenda los t\u00e9rminos y condiciones que rigen el uso de nuestros servicios. Nuestros T\u00e9rminos y Condiciones describen sus derechos y responsabilidades. Lea m\u00e1s para obtener informaci\u00f3n completa.","breadcrumb":{"@id":"https:\/\/dlblawfirm.com\/es\/terminos-y-condiciones\/#breadcrumb"},"inLanguage":"es","potentialAction":[{"@type":"ReadAction","target":["https:\/\/dlblawfirm.com\/es\/terminos-y-condiciones\/"]}]},{"@type":"BreadcrumbList","@id":"https:\/\/dlblawfirm.com\/es\/terminos-y-condiciones\/#breadcrumb","itemListElement":[{"@type":"ListItem","position":1,"name":"Home","item":"https:\/\/dlblawfirm.com\/es\/"},{"@type":"ListItem","position":2,"name":"T\u00e9rminos y condiciones"}]},{"@type":"WebSite","@id":"https:\/\/dlblawfirm.com\/es\/#website","url":"https:\/\/dlblawfirm.com\/es\/","name":"Dwayne L. Brown","description":"Just another WordPress site","potentialAction":[{"@type":"SearchAction","target":{"@type":"EntryPoint","urlTemplate":"https:\/\/dlblawfirm.com\/es\/?s={search_term_string}"},"query-input":{"@type":"PropertyValueSpecification","valueRequired":true,"valueName":"search_term_string"}}],"inLanguage":"es"}]}},"_links":{"self":[{"href":"https:\/\/dlblawfirm.com\/es\/wp-json\/wp\/v2\/pages\/36426","targetHints":{"allow":["GET"]}}],"collection":[{"href":"https:\/\/dlblawfirm.com\/es\/wp-json\/wp\/v2\/pages"}],"about":[{"href":"https:\/\/dlblawfirm.com\/es\/wp-json\/wp\/v2\/types\/page"}],"author":[{"embeddable":true,"href":"https:\/\/dlblawfirm.com\/es\/wp-json\/wp\/v2\/users\/123"}],"replies":[{"embeddable":true,"href":"https:\/\/dlblawfirm.com\/es\/wp-json\/wp\/v2\/comments?post=36426"}],"version-history":[{"count":0,"href":"https:\/\/dlblawfirm.com\/es\/wp-json\/wp\/v2\/pages\/36426\/revisions"}],"wp:attachment":[{"href":"https:\/\/dlblawfirm.com\/es\/wp-json\/wp\/v2\/media?parent=36426"}],"curies":[{"name":"wp","href":"https:\/\/api.w.org\/{rel}","templated":true}]}}