{"id":33750,"date":"2018-10-04T07:57:47","date_gmt":"2018-10-04T07:57:47","guid":{"rendered":"https:\/\/dwaynebrown1.wpenginepowered.com\/?page_id=33750"},"modified":"2025-07-15T04:36:08","modified_gmt":"2025-07-15T04:36:08","slug":"contact","status":"publish","type":"page","link":"https:\/\/dlblawfirm.com\/es\/contacto\/","title":{"rendered":"Contacto"},"content":{"rendered":"<h2>CONSULTA LEGAL GRATUITA<\/h2>\n<p>La Oficina Legal de Dwayne L. Brown estar\u00eda encantada de hablar con usted sobre su caso. Por favor, complete el formulario y alguien se pondr\u00e1 en contacto con usted pronto. Si tiene m\u00e1s preguntas, consulte nuestra p\u00e1gina de <a href=\"\/es\/faq\/\">Preguntas Frecuentes<\/a>.<\/p>\n","protected":false},"excerpt":{"rendered":"<p>CONSULTA LEGAL GRATUITA La Oficina Legal de Dwayne L. Brown estar\u00eda encantada de hablar con usted sobre su caso. Por favor, complete el formulario y alguien se pondr\u00e1 en contacto con usted pronto. Si tiene m\u00e1s preguntas, consulte nuestra p\u00e1gina de Preguntas Frecuentes.<\/p>\n","protected":false},"author":4,"featured_media":0,"parent":0,"menu_order":0,"comment_status":"closed","ping_status":"closed","template":"template-contact.php","meta":{"_acf_changed":false,"inline_featured_image":false,"footnotes":""},"class_list":["post-33750","page","type-page","status-publish","hentry"],"acf":[],"yoast_head":"<!-- This site is optimized with the Yoast SEO plugin v27.3 - https:\/\/yoast.com\/product\/yoast-seo-wordpress\/ -->\n<title>Contacte al Abogado Dwayne L. Brown \u2013 Atlanta y Montgomery<\/title>\n<meta name=\"description\" content=\"Comun\u00edquese con DLB Law Firm hoy. Hable con nuestro equipo y obtenga una consulta gratuita sobre su caso de lesiones personales.\" \/>\n<meta name=\"robots\" content=\"index, follow, max-snippet:-1, max-image-preview:large, max-video-preview:-1\" \/>\n<link rel=\"canonical\" href=\"https:\/\/dlblawfirm.com\/es\/contacto\/\" \/>\n<meta property=\"og:locale\" content=\"es_ES\" \/>\n<meta property=\"og:type\" content=\"article\" \/>\n<meta property=\"og:title\" content=\"Contacte al Abogado Dwayne L. Brown \u2013 Atlanta y Montgomery\" \/>\n<meta property=\"og:description\" content=\"Comun\u00edquese con DLB Law Firm hoy. Hable con nuestro equipo y obtenga una consulta gratuita sobre su caso de lesiones personales.\" \/>\n<meta property=\"og:url\" content=\"https:\/\/dlblawfirm.com\/es\/contacto\/\" \/>\n<meta property=\"og:site_name\" content=\"Dwayne L. Brown\" \/>\n<meta property=\"article:modified_time\" content=\"2025-07-15T04:36:08+00:00\" \/>\n<meta name=\"twitter:card\" content=\"summary_large_image\" \/>\n<meta name=\"twitter:label1\" content=\"Tiempo de lectura\" \/>\n\t<meta name=\"twitter:data1\" content=\"1 minuto\" \/>\n<!-- \/ Yoast SEO plugin. -->","yoast_head_json":{"title":"Contacte al Abogado Dwayne L. Brown \u2013 Atlanta y Montgomery","description":"Comun\u00edquese con DLB Law Firm hoy. Hable con nuestro equipo y obtenga una consulta gratuita sobre su caso de lesiones personales.","robots":{"index":"index","follow":"follow","max-snippet":"max-snippet:-1","max-image-preview":"max-image-preview:large","max-video-preview":"max-video-preview:-1"},"canonical":"https:\/\/dlblawfirm.com\/es\/contacto\/","og_locale":"es_ES","og_type":"article","og_title":"Contacte al Abogado Dwayne L. Brown \u2013 Atlanta y Montgomery","og_description":"Comun\u00edquese con DLB Law Firm hoy. Hable con nuestro equipo y obtenga una consulta gratuita sobre su caso de lesiones personales.","og_url":"https:\/\/dlblawfirm.com\/es\/contacto\/","og_site_name":"Dwayne L. Brown","article_modified_time":"2025-07-15T04:36:08+00:00","twitter_card":"summary_large_image","twitter_misc":{"Tiempo de lectura":"1 minuto"},"schema":{"@context":"https:\/\/schema.org","@graph":[{"@type":"WebPage","@id":"https:\/\/dlblawfirm.com\/es\/contacto\/","url":"https:\/\/dlblawfirm.com\/es\/contacto\/","name":"Contacte al Abogado Dwayne L. Brown \u2013 Atlanta y Montgomery","isPartOf":{"@id":"https:\/\/dlblawfirm.com\/es\/#website"},"datePublished":"2018-10-04T07:57:47+00:00","dateModified":"2025-07-15T04:36:08+00:00","description":"Comun\u00edquese con DLB Law Firm hoy. Hable con nuestro equipo y obtenga una consulta gratuita sobre su caso de lesiones personales.","breadcrumb":{"@id":"https:\/\/dlblawfirm.com\/es\/contacto\/#breadcrumb"},"inLanguage":"es","potentialAction":[{"@type":"ReadAction","target":["https:\/\/dlblawfirm.com\/es\/contacto\/"]}]},{"@type":"BreadcrumbList","@id":"https:\/\/dlblawfirm.com\/es\/contacto\/#breadcrumb","itemListElement":[{"@type":"ListItem","position":1,"name":"Home","item":"https:\/\/dlblawfirm.com\/es\/"},{"@type":"ListItem","position":2,"name":"Contacto"}]},{"@type":"WebSite","@id":"https:\/\/dlblawfirm.com\/es\/#website","url":"https:\/\/dlblawfirm.com\/es\/","name":"Dwayne L. Brown","description":"Just another WordPress site","potentialAction":[{"@type":"SearchAction","target":{"@type":"EntryPoint","urlTemplate":"https:\/\/dlblawfirm.com\/es\/?s={search_term_string}"},"query-input":{"@type":"PropertyValueSpecification","valueRequired":true,"valueName":"search_term_string"}}],"inLanguage":"es"}]}},"_links":{"self":[{"href":"https:\/\/dlblawfirm.com\/es\/wp-json\/wp\/v2\/pages\/33750","targetHints":{"allow":["GET"]}}],"collection":[{"href":"https:\/\/dlblawfirm.com\/es\/wp-json\/wp\/v2\/pages"}],"about":[{"href":"https:\/\/dlblawfirm.com\/es\/wp-json\/wp\/v2\/types\/page"}],"author":[{"embeddable":true,"href":"https:\/\/dlblawfirm.com\/es\/wp-json\/wp\/v2\/users\/4"}],"replies":[{"embeddable":true,"href":"https:\/\/dlblawfirm.com\/es\/wp-json\/wp\/v2\/comments?post=33750"}],"version-history":[{"count":0,"href":"https:\/\/dlblawfirm.com\/es\/wp-json\/wp\/v2\/pages\/33750\/revisions"}],"wp:attachment":[{"href":"https:\/\/dlblawfirm.com\/es\/wp-json\/wp\/v2\/media?parent=33750"}],"curies":[{"name":"wp","href":"https:\/\/api.w.org\/{rel}","templated":true}]}}