{"id":33742,"date":"2018-10-30T23:04:02","date_gmt":"2018-10-30T23:04:02","guid":{"rendered":"https:\/\/dwaynebrown1.wpenginepowered.com\/?page_id=33742"},"modified":"2025-02-02T12:29:21","modified_gmt":"2025-02-02T12:29:21","slug":"ataques-de-perros-peligrosos","status":"publish","type":"page","link":"https:\/\/dlblawfirm.com\/es\/atlanta\/abogado-mordidas-perro\/","title":{"rendered":"Abogado en Atlanta: Ataques de Perros"},"content":{"rendered":"<p>Los due\u00f1os de perros no s\u00f3lo son responsables de mantener a sus mascotas a salvo, sino tambi\u00e9n de que \u00e9stas no causen da\u00f1os a terceros. Los Pit Bulls y otros perros de razas grandes, consideradas en algunos casos potencialmente peligrosas, pueden causar lesiones graves si atacan. Se estima que, en la actualidad, existen en los Estados Unidos m\u00e1s de 60 millones de perros que son mascotas. La inmensa mayor\u00eda tiene due\u00f1os responsables que se aseguran de que sus perros tengan el entrenamiento adecuado y est\u00e9n controlados para evitar lesiones a otros o al mismo animal. Desafortunadamente, tambi\u00e9n existen due\u00f1os irresponsables de mascotas que pueden llegar a poner a otros en riesgo de sufrir lesiones por un ataque canino, al no tomar las medidas adecuadas que lo eviten.<\/p>\n<p>De acuerdo con el portal dogbite.org, se estima que aproximadamente 1,000 estadounidenses son atendidos cada d\u00eda en centros de atenci\u00f3n de urgencias por mordeduras de perros. Adem\u00e1s, en promedio, 9,500 personas son hospitalizadas cada a\u00f1o por lesiones sufridas por ataques de este tipo de animales, registr\u00e1ndose incluso 39 muertes en 2017. Estas estad\u00edsticas revelan la frecuencia de las lesiones por mordedura de perro en las que, si bien muchas de ellas ocurren a miembros de la familia conviviente con el mismo animal, otras tantas afectan a visitantes de la casa o a extra\u00f1os en la calle. Cuando un perro ataca o muerde a una persona, el due\u00f1o es <a href=\"https:\/\/dlblawfirm.com\/es\/atlanta\/abogado-de-responsabilidad-civil\/\">responsable de cualquier lesi\u00f3n<\/a> causada por \u00e9ste.<\/p>\n<div class=\"custom-shortcode1\"><img decoding=\"async\" src=\"https:\/\/dlblawfirm.com\/wp-content\/uploads\/2025\/09\/dwayne-brown-attorney-cta.png\" alt=\"\u00a1Su Lesi\u00f3n Personal Merece Atenci\u00f3n Personalizada!\"><h3>\u00a1Su Lesi\u00f3n Personal Merece Atenci\u00f3n Personalizada!<\/h3><a href=\"tel:4047386000\">Llama Ahora<\/a><\/div>\n<h2>Tipos de lesiones por mordeduras de perros<\/h2>\n<p>Evidentemente, una mordedura de perro implica dientes y perforaciones en la piel de la v\u00edctima. Cualquier perro, de cualquier tama\u00f1o, puede causar da\u00f1o en la piel y en tejidos debido a su mordedura. Seg\u00fan el Centro de Control de Enfermedades (CDC, por sus siglas en ingl\u00e9s), las v\u00edctimas de mordeduras de perros tambi\u00e9n deben preocuparse por las infecciones y enfermedades que pudieran transmitirse, incluso en casos de mordeduras peque\u00f1as como, por ejemplo, la rabia, SARM (Staphylococcus aureus resistente a la meticilina), el t\u00e9tanos y la infecci\u00f3n por pasteurella, entre otras. Adem\u00e1s, las razas grandes como pitbulls, rottweilers y pastores alemanes pueden causar lesiones adicionales cuando atacan, entre las que destacamos:<\/p>\n<ul>\n<li>Fracturas \u00f3seas<\/li>\n<li>Muerte<\/li>\n<li>Desfiguraci\u00f3n<\/li>\n<li>Cicatrices<\/li>\n<li>Desgarro de tejidos y m\u00fasculos<\/li>\n<\/ul>\n<p>Las lesiones por ataques de perros pueden requerir atenci\u00f3n m\u00e9dica prolongada que incluya intervenciones quir\u00fargicas, medicamentos, hospitalizaciones y cirug\u00edas est\u00e9ticas. Casi la mitad de las v\u00edctimas de ataques de perros son ni\u00f1os, lo que provoca que pudieran tener que vivir con las cicatrices producidas por el resto de sus vidas. Si usted o su hijo han sido v\u00edctimas de un ataque de perro, necesita conocer sus derechos, as\u00ed que <a href=\"https:\/\/dlblawfirm.com\/es\/contacto\/\">comun\u00edquese hoy mismo con el bufete legal que Dwayne L. Brown tiene en Atlanta<\/a>, donde analizaremos su caso y las opciones de presentar una demanda por lesiones provocadas por un ataque de perro o la reclamaci\u00f3n para que reciba la indemnizaci\u00f3n que le compense por el da\u00f1o sufrido.<\/p>\n","protected":false},"excerpt":{"rendered":"<p>Los due\u00f1os de perros no s\u00f3lo son responsables de mantener a sus mascotas a salvo, sino tambi\u00e9n de que \u00e9stas no causen da\u00f1os a terceros. Los Pit Bulls y otros perros de razas grandes, consideradas en algunos casos potencialmente peligrosas, pueden causar lesiones graves si atacan. Se estima que, en la actualidad, existen en los<\/p>\n<p><a class=\"button button-reverse\" href=\"https:\/\/dlblawfirm.com\/es\/atlanta\/abogado-mordidas-perro\/\">Read the full article<\/a><\/p>\n","protected":false},"author":4,"featured_media":36349,"parent":42605,"menu_order":0,"comment_status":"closed","ping_status":"closed","template":"","meta":{"_acf_changed":false,"inline_featured_image":false,"footnotes":""},"class_list":["post-33742","page","type-page","status-publish","has-post-thumbnail","hentry"],"acf":[],"yoast_head":"<!-- This site is optimized with the Yoast SEO plugin v27.3 - https:\/\/yoast.com\/product\/yoast-seo-wordpress\/ -->\n<title>Abogado Atlanta: Ataques de Perros | Buckhead | DLB Law<\/title>\n<meta name=\"description\" content=\"Abogado experto en lesiones por ataques de perros. Los due\u00f1os deben prevenir lesiones causadas por sus mascotas. Inf\u00f3rmate m\u00e1s en el bufete de Dwayne L. Brown.\" \/>\n<meta name=\"robots\" content=\"index, follow, max-snippet:-1, max-image-preview:large, max-video-preview:-1\" \/>\n<link rel=\"canonical\" href=\"https:\/\/dlblawfirm.com\/es\/atlanta\/abogado-mordidas-perro\/\" \/>\n<meta property=\"og:locale\" content=\"es_ES\" \/>\n<meta property=\"og:type\" content=\"article\" \/>\n<meta property=\"og:title\" content=\"Abogado Atlanta: Ataques de Perros | Buckhead | DLB Law\" \/>\n<meta property=\"og:description\" content=\"Abogado experto en lesiones por ataques de perros. Los due\u00f1os deben prevenir lesiones causadas por sus mascotas. Inf\u00f3rmate m\u00e1s en el bufete de Dwayne L. Brown.\" \/>\n<meta property=\"og:url\" content=\"https:\/\/dlblawfirm.com\/es\/atlanta\/abogado-mordidas-perro\/\" \/>\n<meta property=\"og:site_name\" content=\"Dwayne L. Brown\" \/>\n<meta property=\"article:modified_time\" content=\"2025-02-02T12:29:21+00:00\" \/>\n<meta property=\"og:image\" content=\"https:\/\/dlblawfirm.com\/wp-content\/uploads\/2024\/07\/Atlanta-Dog-Bite-Lawyer.jpg\" \/>\n\t<meta property=\"og:image:width\" content=\"1280\" \/>\n\t<meta property=\"og:image:height\" content=\"720\" \/>\n\t<meta property=\"og:image:type\" content=\"image\/jpeg\" \/>\n<meta name=\"twitter:card\" content=\"summary_large_image\" \/>\n<meta name=\"twitter:label1\" content=\"Tiempo de lectura\" \/>\n\t<meta name=\"twitter:data1\" content=\"3 minutos\" \/>\n<!-- \/ Yoast SEO plugin. -->","yoast_head_json":{"title":"Abogado Atlanta: Ataques de Perros | Buckhead | DLB Law","description":"Abogado experto en lesiones por ataques de perros. Los due\u00f1os deben prevenir lesiones causadas por sus mascotas. Inf\u00f3rmate m\u00e1s en el bufete de Dwayne L. Brown.","robots":{"index":"index","follow":"follow","max-snippet":"max-snippet:-1","max-image-preview":"max-image-preview:large","max-video-preview":"max-video-preview:-1"},"canonical":"https:\/\/dlblawfirm.com\/es\/atlanta\/abogado-mordidas-perro\/","og_locale":"es_ES","og_type":"article","og_title":"Abogado Atlanta: Ataques de Perros | Buckhead | DLB Law","og_description":"Abogado experto en lesiones por ataques de perros. Los due\u00f1os deben prevenir lesiones causadas por sus mascotas. Inf\u00f3rmate m\u00e1s en el bufete de Dwayne L. Brown.","og_url":"https:\/\/dlblawfirm.com\/es\/atlanta\/abogado-mordidas-perro\/","og_site_name":"Dwayne L. Brown","article_modified_time":"2025-02-02T12:29:21+00:00","og_image":[{"width":1280,"height":720,"url":"https:\/\/dlblawfirm.com\/wp-content\/uploads\/2024\/07\/Atlanta-Dog-Bite-Lawyer.jpg","type":"image\/jpeg"}],"twitter_card":"summary_large_image","twitter_misc":{"Tiempo de lectura":"3 minutos"},"schema":{"@context":"https:\/\/schema.org","@graph":[{"@type":"WebPage","@id":"https:\/\/dlblawfirm.com\/es\/atlanta\/abogado-mordidas-perro\/","url":"https:\/\/dlblawfirm.com\/es\/atlanta\/abogado-mordidas-perro\/","name":"Abogado Atlanta: Ataques de Perros | Buckhead | DLB Law","isPartOf":{"@id":"https:\/\/dlblawfirm.com\/es\/#website"},"primaryImageOfPage":{"@id":"https:\/\/dlblawfirm.com\/es\/atlanta\/abogado-mordidas-perro\/#primaryimage"},"image":{"@id":"https:\/\/dlblawfirm.com\/es\/atlanta\/abogado-mordidas-perro\/#primaryimage"},"thumbnailUrl":"https:\/\/dlblawfirm.com\/wp-content\/uploads\/2024\/07\/Atlanta-Dog-Bite-Lawyer.jpg","datePublished":"2018-10-30T23:04:02+00:00","dateModified":"2025-02-02T12:29:21+00:00","description":"Abogado experto en lesiones por ataques de perros. Los due\u00f1os deben prevenir lesiones causadas por sus mascotas. Inf\u00f3rmate m\u00e1s en el bufete de Dwayne L. Brown.","breadcrumb":{"@id":"https:\/\/dlblawfirm.com\/es\/atlanta\/abogado-mordidas-perro\/#breadcrumb"},"inLanguage":"es","potentialAction":[{"@type":"ReadAction","target":["https:\/\/dlblawfirm.com\/es\/atlanta\/abogado-mordidas-perro\/"]}]},{"@type":"ImageObject","inLanguage":"es","@id":"https:\/\/dlblawfirm.com\/es\/atlanta\/abogado-mordidas-perro\/#primaryimage","url":"https:\/\/dlblawfirm.com\/wp-content\/uploads\/2024\/07\/Atlanta-Dog-Bite-Lawyer.jpg","contentUrl":"https:\/\/dlblawfirm.com\/wp-content\/uploads\/2024\/07\/Atlanta-Dog-Bite-Lawyer.jpg","width":1280,"height":720,"caption":"Atlanta Dog Bite Lawyer"},{"@type":"BreadcrumbList","@id":"https:\/\/dlblawfirm.com\/es\/atlanta\/abogado-mordidas-perro\/#breadcrumb","itemListElement":[{"@type":"ListItem","position":1,"name":"Home","item":"https:\/\/dlblawfirm.com\/es\/"},{"@type":"ListItem","position":2,"name":"Abogado de Lesiones Personales en Atlanta","item":"https:\/\/dlblawfirm.com\/es\/atlanta\/"},{"@type":"ListItem","position":3,"name":"Abogado en Atlanta: Ataques de Perros"}]},{"@type":"WebSite","@id":"https:\/\/dlblawfirm.com\/es\/#website","url":"https:\/\/dlblawfirm.com\/es\/","name":"Dwayne L. Brown","description":"Just another WordPress site","potentialAction":[{"@type":"SearchAction","target":{"@type":"EntryPoint","urlTemplate":"https:\/\/dlblawfirm.com\/es\/?s={search_term_string}"},"query-input":{"@type":"PropertyValueSpecification","valueRequired":true,"valueName":"search_term_string"}}],"inLanguage":"es"}]}},"_links":{"self":[{"href":"https:\/\/dlblawfirm.com\/es\/wp-json\/wp\/v2\/pages\/33742","targetHints":{"allow":["GET"]}}],"collection":[{"href":"https:\/\/dlblawfirm.com\/es\/wp-json\/wp\/v2\/pages"}],"about":[{"href":"https:\/\/dlblawfirm.com\/es\/wp-json\/wp\/v2\/types\/page"}],"author":[{"embeddable":true,"href":"https:\/\/dlblawfirm.com\/es\/wp-json\/wp\/v2\/users\/4"}],"replies":[{"embeddable":true,"href":"https:\/\/dlblawfirm.com\/es\/wp-json\/wp\/v2\/comments?post=33742"}],"version-history":[{"count":0,"href":"https:\/\/dlblawfirm.com\/es\/wp-json\/wp\/v2\/pages\/33742\/revisions"}],"up":[{"embeddable":true,"href":"https:\/\/dlblawfirm.com\/es\/wp-json\/wp\/v2\/pages\/42605"}],"wp:featuredmedia":[{"embeddable":true,"href":"https:\/\/dlblawfirm.com\/es\/wp-json\/wp\/v2\/media\/36349"}],"wp:attachment":[{"href":"https:\/\/dlblawfirm.com\/es\/wp-json\/wp\/v2\/media?parent=33742"}],"curies":[{"name":"wp","href":"https:\/\/api.w.org\/{rel}","templated":true}]}}