{"id":33739,"date":"2018-10-04T07:58:48","date_gmt":"2018-10-04T07:58:48","guid":{"rendered":"https:\/\/dwaynebrown1.wpenginepowered.com\/?page_id=33739"},"modified":"2025-02-02T12:28:43","modified_gmt":"2025-02-02T12:28:43","slug":"responsabilidad-por-lesiones-sufridas-en-propiedades","status":"publish","type":"page","link":"https:\/\/dlblawfirm.com\/es\/atlanta\/abogado-de-responsabilidad-civil\/","title":{"rendered":"Abogado Atlanta: Lesiones Propiedades"},"content":{"rendered":"<p>Cualquier propietario tiene la obligaci\u00f3n y el deber de mantener un ambiente seguro para cualquier persona que est\u00e9 en su propiedad. Esto afecta tanto a los propietarios de viviendas como a los due\u00f1os de negocios. Ambos deben adquirir un seguro de responsabilidad civil que cubra accidentes y lesiones que pudieran ocurrir en su propiedad. Cuando de manera negligente el due\u00f1o de una tienda mantiene los pasillos inseguros o sin una seguridad adecuada, puede poner en riesgo a sus clientes de sufrir lesiones. Si alguien se lesiona debido a instalaciones inseguras, es posible que solicite al due\u00f1o de la propiedad o a su compa\u00f1\u00eda de seguros <a href=\"https:\/\/dlblawfirm.com\/es\/atlanta\/\">una compensaci\u00f3n por el perjuicio sufrido<\/a>.<\/p>\n<p>Las reglas generales para el derecho de responsabilidad en propiedades determinan que, cuando un propietario u ocupante de tierras, por invitaci\u00f3n expresa o impl\u00edcita, induce o gu\u00eda a otros a entrar en sus instalaciones para cualquier prop\u00f3sito l\u00edcito, es responsable de los da\u00f1os que esas personas pudieran sufrir en \u00e9stas. Los propietarios son responsables de las lesiones provocadas por la falta del cuidado adecuado en la propiedad y la ausencia de accesos seguros, debiendo proporcionar a sus invitados dichas prestaciones. Este es, generalmente, un deber no delegable, por lo que a menos que el propietario haya entregado completamente el control de las instalaciones a un contratista independiente, el hecho de que la lesi\u00f3n haya sido como consecuencia de la negligencia directa del contratista, no eximir\u00e1 al propietario de la responsabilidad que le corresponda.<\/p>\n<div class=\"custom-shortcode1\"><img decoding=\"async\" src=\"https:\/\/dlblawfirm.com\/wp-content\/uploads\/2025\/09\/dwayne-brown-attorney-cta.png\" alt=\"\u00a1Su Lesi\u00f3n Personal Merece Atenci\u00f3n Personalizada!\"><h3>\u00a1Su Lesi\u00f3n Personal Merece Atenci\u00f3n Personalizada!<\/h3><a href=\"tel:4047386000\">Llama Ahora<\/a><\/div>\n<h2>Tipos responsabilidades por lesiones en propiedades<\/h2>\n<p>La responsabilidad por lesiones en propiedades puede producirse de muchas formas. Las lesiones no se producen \u00fanicamente por resbalones en pisos mojados o sentarse en sillas rotas, sino que la misma construcci\u00f3n de un edificio, sus medidas de seguridad u otros factores pueden crear entornos inseguros que pudieran provocar lesiones. Algunas de las responsabilidades m\u00e1s habituales por lesiones en propiedades, son las que mencionamos a continuaci\u00f3n:<\/p>\n<ul>\n<li>Violaciones o agresiones en apartamentos u hoteles<\/li>\n<li>Asaltos y tiroteos<\/li>\n<li>Derrumbe de balc\u00f3n o terraza<\/li>\n<li>Ca\u00edda de mercanc\u00eda<\/li>\n<li>Incendios en apartamentos u hoteles<\/li>\n<li>Seguridad inadecuada de edificios o apartamentos<\/li>\n<li><a href=\"https:\/\/dlblawfirm.com\/es\/atlanta\/abogado-mordidas-perro\/\">Ataques de perros peligrosos<\/a><\/li>\n<li>Lesiones por resbalones y ca\u00eddas<\/li>\n<\/ul>\n<p>Si usted ha sufrido lesiones mientras se encontraba en propiedad ajena, debido al estado inseguro de \u00e9sta, es posible que pueda solicitar una compensaci\u00f3n por los da\u00f1os padecidos. P\u00f3ngase en <a href=\"https:\/\/dlblawfirm.com\/es\/contacto\/\">contacto hoy mismo con el bufete legal de Dwayne L. Brown<\/a>, donde analizaremos su reclamaci\u00f3n.<\/p>\n","protected":false},"excerpt":{"rendered":"<p>Cualquier propietario tiene la obligaci\u00f3n y el deber de mantener un ambiente seguro para cualquier persona que est\u00e9 en su propiedad. Esto afecta tanto a los propietarios de viviendas como a los due\u00f1os de negocios. Ambos deben adquirir un seguro de responsabilidad civil que cubra accidentes y lesiones que pudieran ocurrir en su propiedad. Cuando<\/p>\n<p><a class=\"button button-reverse\" href=\"https:\/\/dlblawfirm.com\/es\/atlanta\/abogado-de-responsabilidad-civil\/\">Read the full article<\/a><\/p>\n","protected":false},"author":4,"featured_media":0,"parent":42605,"menu_order":0,"comment_status":"closed","ping_status":"closed","template":"","meta":{"_acf_changed":false,"inline_featured_image":false,"footnotes":""},"class_list":["post-33739","page","type-page","status-publish","hentry"],"acf":[],"yoast_head":"<!-- This site is optimized with the Yoast SEO plugin v27.4 - https:\/\/yoast.com\/product\/yoast-seo-wordpress\/ -->\n<title>Abogado Atlanta: Lesiones Propiedades | Buckhead | DLB Law<\/title>\n<meta name=\"description\" content=\"\u00bfLesionado en una propiedad por condiciones inseguras? Contacte al bufete de Dwayne L. Brown en Atlanta hoy para obtener informaci\u00f3n sobre compensaci\u00f3n.\" \/>\n<meta name=\"robots\" content=\"index, follow, max-snippet:-1, max-image-preview:large, max-video-preview:-1\" \/>\n<link rel=\"canonical\" href=\"https:\/\/dlblawfirm.com\/es\/atlanta\/abogado-de-responsabilidad-civil\/\" \/>\n<meta property=\"og:locale\" content=\"es_ES\" \/>\n<meta property=\"og:type\" content=\"article\" \/>\n<meta property=\"og:title\" content=\"Abogado Atlanta: Lesiones Propiedades | Buckhead | DLB Law\" \/>\n<meta property=\"og:description\" content=\"\u00bfLesionado en una propiedad por condiciones inseguras? Contacte al bufete de Dwayne L. Brown en Atlanta hoy para obtener informaci\u00f3n sobre compensaci\u00f3n.\" \/>\n<meta property=\"og:url\" content=\"https:\/\/dlblawfirm.com\/es\/atlanta\/abogado-de-responsabilidad-civil\/\" \/>\n<meta property=\"og:site_name\" content=\"Dwayne L. Brown\" \/>\n<meta property=\"article:modified_time\" content=\"2025-02-02T12:28:43+00:00\" \/>\n<meta name=\"twitter:card\" content=\"summary_large_image\" \/>\n<meta name=\"twitter:label1\" content=\"Tiempo de lectura\" \/>\n\t<meta name=\"twitter:data1\" content=\"2 minutos\" \/>\n<!-- \/ Yoast SEO plugin. -->","yoast_head_json":{"title":"Abogado Atlanta: Lesiones Propiedades | Buckhead | DLB Law","description":"\u00bfLesionado en una propiedad por condiciones inseguras? Contacte al bufete de Dwayne L. Brown en Atlanta hoy para obtener informaci\u00f3n sobre compensaci\u00f3n.","robots":{"index":"index","follow":"follow","max-snippet":"max-snippet:-1","max-image-preview":"max-image-preview:large","max-video-preview":"max-video-preview:-1"},"canonical":"https:\/\/dlblawfirm.com\/es\/atlanta\/abogado-de-responsabilidad-civil\/","og_locale":"es_ES","og_type":"article","og_title":"Abogado Atlanta: Lesiones Propiedades | Buckhead | DLB Law","og_description":"\u00bfLesionado en una propiedad por condiciones inseguras? Contacte al bufete de Dwayne L. Brown en Atlanta hoy para obtener informaci\u00f3n sobre compensaci\u00f3n.","og_url":"https:\/\/dlblawfirm.com\/es\/atlanta\/abogado-de-responsabilidad-civil\/","og_site_name":"Dwayne L. Brown","article_modified_time":"2025-02-02T12:28:43+00:00","twitter_card":"summary_large_image","twitter_misc":{"Tiempo de lectura":"2 minutos"},"schema":{"@context":"https:\/\/schema.org","@graph":[{"@type":"WebPage","@id":"https:\/\/dlblawfirm.com\/es\/atlanta\/abogado-de-responsabilidad-civil\/","url":"https:\/\/dlblawfirm.com\/es\/atlanta\/abogado-de-responsabilidad-civil\/","name":"Abogado Atlanta: Lesiones Propiedades | Buckhead | DLB Law","isPartOf":{"@id":"https:\/\/dlblawfirm.com\/es\/#website"},"datePublished":"2018-10-04T07:58:48+00:00","dateModified":"2025-02-02T12:28:43+00:00","description":"\u00bfLesionado en una propiedad por condiciones inseguras? Contacte al bufete de Dwayne L. Brown en Atlanta hoy para obtener informaci\u00f3n sobre compensaci\u00f3n.","breadcrumb":{"@id":"https:\/\/dlblawfirm.com\/es\/atlanta\/abogado-de-responsabilidad-civil\/#breadcrumb"},"inLanguage":"es","potentialAction":[{"@type":"ReadAction","target":["https:\/\/dlblawfirm.com\/es\/atlanta\/abogado-de-responsabilidad-civil\/"]}]},{"@type":"BreadcrumbList","@id":"https:\/\/dlblawfirm.com\/es\/atlanta\/abogado-de-responsabilidad-civil\/#breadcrumb","itemListElement":[{"@type":"ListItem","position":1,"name":"Home","item":"https:\/\/dlblawfirm.com\/es\/"},{"@type":"ListItem","position":2,"name":"Abogado de Lesiones Personales en Atlanta","item":"https:\/\/dlblawfirm.com\/es\/atlanta\/"},{"@type":"ListItem","position":3,"name":"Abogado Atlanta: Lesiones Propiedades"}]},{"@type":"WebSite","@id":"https:\/\/dlblawfirm.com\/es\/#website","url":"https:\/\/dlblawfirm.com\/es\/","name":"Dwayne L. Brown","description":"Just another WordPress site","potentialAction":[{"@type":"SearchAction","target":{"@type":"EntryPoint","urlTemplate":"https:\/\/dlblawfirm.com\/es\/?s={search_term_string}"},"query-input":{"@type":"PropertyValueSpecification","valueRequired":true,"valueName":"search_term_string"}}],"inLanguage":"es"}]}},"_links":{"self":[{"href":"https:\/\/dlblawfirm.com\/es\/wp-json\/wp\/v2\/pages\/33739","targetHints":{"allow":["GET"]}}],"collection":[{"href":"https:\/\/dlblawfirm.com\/es\/wp-json\/wp\/v2\/pages"}],"about":[{"href":"https:\/\/dlblawfirm.com\/es\/wp-json\/wp\/v2\/types\/page"}],"author":[{"embeddable":true,"href":"https:\/\/dlblawfirm.com\/es\/wp-json\/wp\/v2\/users\/4"}],"replies":[{"embeddable":true,"href":"https:\/\/dlblawfirm.com\/es\/wp-json\/wp\/v2\/comments?post=33739"}],"version-history":[{"count":0,"href":"https:\/\/dlblawfirm.com\/es\/wp-json\/wp\/v2\/pages\/33739\/revisions"}],"up":[{"embeddable":true,"href":"https:\/\/dlblawfirm.com\/es\/wp-json\/wp\/v2\/pages\/42605"}],"wp:attachment":[{"href":"https:\/\/dlblawfirm.com\/es\/wp-json\/wp\/v2\/media?parent=33739"}],"curies":[{"name":"wp","href":"https:\/\/api.w.org\/{rel}","templated":true}]}}