{"id":33736,"date":"2018-10-04T07:59:13","date_gmt":"2018-10-04T07:59:13","guid":{"rendered":"https:\/\/dwaynebrown1.wpenginepowered.com\/?page_id=33736"},"modified":"2025-02-02T12:27:56","modified_gmt":"2025-02-02T12:27:56","slug":"lesiones-por-accidentes-con-camiones","status":"publish","type":"page","link":"https:\/\/dlblawfirm.com\/es\/atlanta\/abogado-de-accidentes-de-camiones\/","title":{"rendered":"Abogado de accidentes de camiones en Atlanta"},"content":{"rendered":"<p>Los accidentes que involucran a camiones se encuentran entre las cat\u00e1strofes m\u00e1s peligrosas que ocurren en la carretera. Cuando camiones grandes de 18 ruedas chocan con autom\u00f3viles de pasajeros, mucho m\u00e1s peque\u00f1os, los resultados pueden ser mortales.<\/p>\n<p>Por lo general, en las colisiones graves que involucran veh\u00edculos motorizados o tracto-remolques, las respectivas aseguradoras contratar\u00e1n los servicios de abogados defensores experimentados y altamente capacitados, cualificados ajustadores de campo y reconstructores de accidentes con experiencia en este \u00e1mbito. Estas decisiones se toman para proteger los intereses del asegurado y para ganar frente a los reclamos de las v\u00edctimas lesionadas o, al menos, reducir significativamente el importe de las compensaciones a pagar. Las v\u00edctimas de accidentes con camiones necesitan su propio <a href=\"https:\/\/dlblawfirm.com\/es\/atlanta\/\">abogado de lesiones personales<\/a> para defender su derecho a recibir una indemnizaci\u00f3n justa por sus da\u00f1os.<\/p>\n<p>Los casos de accidentes con camiones plantean desaf\u00edos \u00fanicos porque las leyes que rigen el comercio interestatal son extremadamente complejas, por lo que es muy importante que se comunique lo antes posible con un abogado experto en lesiones personales, que sea confiable y tenga buena reputaci\u00f3n. Una representaci\u00f3n legal experimentada es esencial para investigar adecuadamente el accidente y evaluar con precisi\u00f3n las circunstancias, determinando as\u00ed qui\u00e9n fue el responsable de este. El bufete legal de Dwayne L. Brown en Atlanta atiende demandas por accidentes con camiones y lucha, junto a sus clientes, por sus derechos a obtener las compensaciones que merecen por las lesiones sufridas.<\/p>\n<h2><span class=\"ez-toc-section\" id=\"Causas_de_lesiones_por_accidentes_con_camiones\"><\/span>Causas de lesiones por accidentes con camiones<span class=\"ez-toc-section-end\"><\/span><\/h2>\n<p>Cuando un accidente grave es causado por la negligencia de un conductor de cami\u00f3n, puede provocar resultados mortales. La Administraci\u00f3n Federal de Seguridad en Autotransportes inform\u00f3 que, en el a\u00f1o 2021, al menos 5,904 camiones y autobuses grandes estuvieron involucrados en accidentes con v\u00edctimas mortales, y otros 127,000 lo fueron en accidentes con lesionados. Algunos de los accidentes pudieron haberse evitado, ya que fueron causados por negligencia, siendo sus causas m\u00e1s habituales, las siguientes:<\/p>\n<ul>\n<li aria-level=\"1\">Camiones a exceso de velocidad<\/li>\n<li aria-level=\"1\">Distracci\u00f3n del conductor<\/li>\n<li aria-level=\"1\">Fatiga del conductor<\/li>\n<li aria-level=\"1\">Conducci\u00f3n bajo los efectos de drogas<\/li>\n<li aria-level=\"1\">Ca\u00edda de escombros desde camiones<\/li>\n<li aria-level=\"1\">Camiones con sobrecarga<\/li>\n<\/ul>\n<h2><span class=\"ez-toc-section\" id=\"%C2%BFNecesito_un_abogado_de_accidentes_de_camiones\"><\/span>\u00bfNecesito un abogado de accidentes de camiones?<span class=\"ez-toc-section-end\"><\/span><\/h2>\n<p>Los casos que involucran veh\u00edculos de 18 ruedas son una de las especialidades que requieren de abogados con un profundo conocimiento y experiencia, ya que pueden encontrarse con situaciones particulares, como:<\/p>\n<p>Las regulaciones federales en cuanto a seguridad de autotransportes y las normas de cada estado que afectan a los conductores de transporte comercial de veh\u00edculos de 18 ruedas cuando transitan por fronteras estatales (comercio interestatal); est\u00e1n sujetas a numerosas pautas espec\u00edficas que determinan la cantidad de horas que pueden conducir dentro de un per\u00edodo de 7-8 d\u00edas, calificaciones m\u00e9dicas, inspecciones diarias de los veh\u00edculos, etc. Un abogado con experiencia en accidentes de camiones usar\u00e1 sus conocimientos sobre estas regulaciones en la construcci\u00f3n de su caso.<\/p>\n<p>Es imprescindible que, inmediatamente despu\u00e9s (dentro de las 24-26 horas) de que un accidente con un cami\u00f3n de 18 ruedas se haya producido, el abogado comience la investigaci\u00f3n del incidente, incluyendo, aunque no limitando, la utilizaci\u00f3n de un equipo de expertos calificados en reconstrucci\u00f3n de accidentes, expertos en peritaje, especialistas en biomec\u00e1nica, pat\u00f3logos forenses y expertos en an\u00e1lisis forenses de tel\u00e9fonos.<\/p>\n<p>Los expertos pueden ayudar a recopilar informaci\u00f3n vital de todos aquellos veh\u00edculos que estuvieron involucrados en el accidente, determinando c\u00f3mo fueron operados por sus respectivos conductores, desde d\u00edas antes del accidente y hasta el momento en que este se produjo, precisando las condiciones relevantes de la carretera que provocaron el accidente, incluyendo, entre otros, los problemas de visibilidad.<\/p>\n<p>Adem\u00e1s, podr\u00e1n reunir toda la informaci\u00f3n de los tel\u00e9fonos celulares de los conductores involucrados, sus actividades en redes sociales, entre otro tipo de informaci\u00f3n. Todo esto con el fin de demostrar si existi\u00f3 distracci\u00f3n en la conducci\u00f3n por h\u00e1bitos o conductas peligrosas, esto se lleva a cabo con el env\u00edo de correspondencia certificada a todas las compa\u00f1\u00edas y agentes involucrados, exigiendo que se conserven las pruebas solicitadas, para facilitar una investigaci\u00f3n exhaustiva y completa.<\/p>\n<p>Una r\u00e1pida obtenci\u00f3n de informaci\u00f3n puede significar la diferencia entre el \u00e9xito y el fracaso en los casos que involucran a camiones o autobuses de estas dimensiones.<\/p>\n<div class=\"custom-shortcode1\"><img decoding=\"async\" src=\"https:\/\/dlblawfirm.com\/wp-content\/uploads\/2025\/09\/dwayne-brown-attorney-cta.png\" alt=\"\u00a1Su Lesi\u00f3n Personal Merece Atenci\u00f3n Personalizada!\"><h3>\u00a1Su Lesi\u00f3n Personal Merece Atenci\u00f3n Personalizada!<\/h3><a href=\"tel:4047386000\">Llama Ahora<\/a><\/div>\n<h2><span class=\"ez-toc-section\" id=\"%C2%BFCuanto_tiempo_tengo_para_denunciar_un_caso_de_accidente_de_camion\"><\/span>\u00bfCu\u00e1nto tiempo tengo para denunciar un caso de accidente de cami\u00f3n?<span class=\"ez-toc-section-end\"><\/span><\/h2>\n<p>Si fue v\u00edctima de un accidente de cami\u00f3n, tendr\u00e1 un tiempo predeterminado para presentar una demanda por lesiones personales dependiendo el estado. Para demandas por lesiones personales en Georgia, el estatuto de limitaciones indica 2 a\u00f1os a partir del accidente.<\/p>\n<p>Es importante recordar que existen pasos previos antes de presentar una demanda, consultar con un abogado con experiencia en accidentes de camiones le ayudar\u00e1 a entender cu\u00e1l es el procedimiento y las alternativas m\u00e1s favorables para su caso, algunos casos logran acuerdos favorables con los responsables; sin embargo, en Dwayne L. Brown sabemos que no siempre es as\u00ed. Nuestros abogados de lesiones personales pueden ayudarle a presentar una demanda en caso de ser necesario.<\/p>\n<h2><span class=\"ez-toc-section\" id=\"%C2%BFQue_hacer_despues_de_un_accidente_de_camion_en_Atlanta\"><\/span>\u00bfQu\u00e9 hacer despu\u00e9s de un accidente de cami\u00f3n en Atlanta?<span class=\"ez-toc-section-end\"><\/span><\/h2>\n<p>Un accidente con un cami\u00f3n de grandes dimensiones puede causar todo tipo de lesiones, por lo que es importante que sea atendido cuanto antes para evitar m\u00e1s da\u00f1os. Una vez que se encuentre a salvo, intente obtener la informaci\u00f3n de los dem\u00e1s involucrados, as\u00ed como informaci\u00f3n sobre su p\u00f3liza de seguro. Si tuvo un accidente con un veh\u00edculo comercial, aseg\u00farese de verificar el nombre de la compa\u00f1\u00eda y si es posible, tome fotos del accidente, los da\u00f1os y sus lesiones.<\/p>\n<p>Documente todo lo relacionado con su accidente y sus lesiones, guarde los registros de los gastos m\u00e9dicos necesarios y busque la asesor\u00eda de un abogado de accidentes de camiones en Atlanta, en caso de que sea necesario recolectar m\u00e1s informaci\u00f3n, un abogado le ayudar\u00e1 a identificarla. Es preferible contar con asesoramiento legal antes de firmar cualquier acuerdo con los responsables.<\/p>\n<div class=\"custom-shortcode2\"><img decoding=\"async\" src=\"https:\/\/dlblawfirm.com\/wp-content\/uploads\/2025\/09\/dwayne-brown-attorney-cta.png\" alt=\"\u00a1Su Lesi\u00f3n Personal Merece Atenci\u00f3n Personalizada!\"><h3>\u00a1Su Lesi\u00f3n Personal Merece Atenci\u00f3n Personalizada!<\/h3><a href=\"#contact-section\">Llama Ahora<\/a><\/div>\n<h2><span class=\"ez-toc-section\" id=\"Dwayne_Brown_es_un_abogado_experto_en_demandas_de_accidentes_con_camiones\"><\/span>Dwayne Brown es un abogado experto en demandas de accidentes con camiones<span class=\"ez-toc-section-end\"><\/span><\/h2>\n<p>Nuestro bufete legal cuenta con m\u00e1s de 20 a\u00f1os de experiencia en el campo de los accidentes con veh\u00edculos comerciales de 18 ruedas y ha recuperado, con \u00e9xito, compensaciones de decenas de millones de d\u00f3lares para nuestros clientes. Somos un despacho altamente especializado, que \u00fanicamente acepta un n\u00famero limitado de casos debido a que creemos firmemente que cada uno se trata de personas valiosas y van encaminados a satisfacer las necesidades de familias afligidas que han sufrido da\u00f1os severos o incluso la muerte de un ser querido, debido a la negligencia de un conductor de transporte comercial.<\/p>\n<p>Es imprescindible que seamos, en todo momento, accesibles para nuestros clientes, explic\u00e1ndoles con detalle cada etapa en que se encuentra su caso e investigando el accidente sin demoras innecesarias, ya que el tiempo es esencial en los accidentes que involucran camiones de 18 ruedas.<\/p>\n<p>Si usted ha sufrido lesiones durante un accidente automovil\u00edstico que involucra un cami\u00f3n de grandes dimensiones o perdi\u00f3 a un ser querido en un accidente con cami\u00f3n, <a href=\"https:\/\/dlblawfirm.com\/es\/contacto\/\">comun\u00edquese con Dwayne L. Brown<\/a> lo antes posible, ya que, probablemente, \u00e9l pueda ayudarle a conseguir la compensaci\u00f3n que usted merece.<\/p>\n","protected":false},"excerpt":{"rendered":"<p>Los accidentes que involucran a camiones se encuentran entre las cat\u00e1strofes m\u00e1s peligrosas que ocurren en la carretera. Cuando camiones grandes de 18 ruedas chocan con autom\u00f3viles de pasajeros, mucho m\u00e1s peque\u00f1os, los resultados pueden ser mortales. Por lo general, en las colisiones graves que involucran veh\u00edculos motorizados o tracto-remolques, las respectivas aseguradoras contratar\u00e1n los<\/p>\n<p><a class=\"button button-reverse\" href=\"https:\/\/dlblawfirm.com\/es\/atlanta\/abogado-de-accidentes-de-camiones\/\">Read the full article<\/a><\/p>\n","protected":false},"author":4,"featured_media":35058,"parent":42605,"menu_order":0,"comment_status":"closed","ping_status":"closed","template":"","meta":{"_acf_changed":false,"inline_featured_image":false,"footnotes":""},"class_list":["post-33736","page","type-page","status-publish","has-post-thumbnail","hentry"],"acf":[],"yoast_head":"<!-- This site is optimized with the Yoast SEO plugin v27.6 - https:\/\/yoast.com\/product\/yoast-seo-wordpress\/ -->\n<title>Abogado de accidentes de camiones en Atlanta | Dwayne L. Brown<\/title>\n<meta name=\"description\" content=\"Si ha sufrido lesiones por un accidente de cami\u00f3n, comun\u00edquese con un abogado de accidentes de camiones en Atlanta para conocer sus alternativas legales.\" \/>\n<meta name=\"robots\" content=\"index, follow, max-snippet:-1, max-image-preview:large, max-video-preview:-1\" \/>\n<link rel=\"canonical\" href=\"https:\/\/dlblawfirm.com\/es\/atlanta\/abogado-de-accidentes-de-camiones\/\" \/>\n<meta property=\"og:locale\" content=\"es_ES\" \/>\n<meta property=\"og:type\" content=\"article\" \/>\n<meta property=\"og:title\" content=\"Abogado de accidentes de camiones en Atlanta | Dwayne L. Brown\" \/>\n<meta property=\"og:description\" content=\"Si ha sufrido lesiones por un accidente de cami\u00f3n, comun\u00edquese con un abogado de accidentes de camiones en Atlanta para conocer sus alternativas legales.\" \/>\n<meta property=\"og:url\" content=\"https:\/\/dlblawfirm.com\/es\/atlanta\/abogado-de-accidentes-de-camiones\/\" \/>\n<meta property=\"og:site_name\" content=\"Dwayne L. Brown\" \/>\n<meta property=\"article:modified_time\" content=\"2025-02-02T12:27:56+00:00\" \/>\n<meta property=\"og:image\" content=\"https:\/\/dlblawfirm.com\/wp-content\/uploads\/2024\/02\/Atlanta-Truck-Accident-Lawyer.jpg\" \/>\n\t<meta property=\"og:image:width\" content=\"1280\" \/>\n\t<meta property=\"og:image:height\" content=\"720\" \/>\n\t<meta property=\"og:image:type\" content=\"image\/jpeg\" \/>\n<meta name=\"twitter:card\" content=\"summary_large_image\" \/>\n<meta name=\"twitter:label1\" content=\"Tiempo de lectura\" \/>\n\t<meta name=\"twitter:data1\" content=\"6 minutos\" \/>\n<!-- \/ Yoast SEO plugin. -->","yoast_head_json":{"title":"Abogado de accidentes de camiones en Atlanta | Dwayne L. Brown","description":"Si ha sufrido lesiones por un accidente de cami\u00f3n, comun\u00edquese con un abogado de accidentes de camiones en Atlanta para conocer sus alternativas legales.","robots":{"index":"index","follow":"follow","max-snippet":"max-snippet:-1","max-image-preview":"max-image-preview:large","max-video-preview":"max-video-preview:-1"},"canonical":"https:\/\/dlblawfirm.com\/es\/atlanta\/abogado-de-accidentes-de-camiones\/","og_locale":"es_ES","og_type":"article","og_title":"Abogado de accidentes de camiones en Atlanta | Dwayne L. Brown","og_description":"Si ha sufrido lesiones por un accidente de cami\u00f3n, comun\u00edquese con un abogado de accidentes de camiones en Atlanta para conocer sus alternativas legales.","og_url":"https:\/\/dlblawfirm.com\/es\/atlanta\/abogado-de-accidentes-de-camiones\/","og_site_name":"Dwayne L. Brown","article_modified_time":"2025-02-02T12:27:56+00:00","og_image":[{"width":1280,"height":720,"url":"https:\/\/dlblawfirm.com\/wp-content\/uploads\/2024\/02\/Atlanta-Truck-Accident-Lawyer.jpg","type":"image\/jpeg"}],"twitter_card":"summary_large_image","twitter_misc":{"Tiempo de lectura":"6 minutos"},"schema":{"@context":"https:\/\/schema.org","@graph":[{"@type":"WebPage","@id":"https:\/\/dlblawfirm.com\/es\/atlanta\/abogado-de-accidentes-de-camiones\/","url":"https:\/\/dlblawfirm.com\/es\/atlanta\/abogado-de-accidentes-de-camiones\/","name":"Abogado de accidentes de camiones en Atlanta | Dwayne L. Brown","isPartOf":{"@id":"https:\/\/dlblawfirm.com\/es\/#website"},"primaryImageOfPage":{"@id":"https:\/\/dlblawfirm.com\/es\/atlanta\/abogado-de-accidentes-de-camiones\/#primaryimage"},"image":{"@id":"https:\/\/dlblawfirm.com\/es\/atlanta\/abogado-de-accidentes-de-camiones\/#primaryimage"},"thumbnailUrl":"https:\/\/dlblawfirm.com\/wp-content\/uploads\/2024\/02\/Atlanta-Truck-Accident-Lawyer.jpg","datePublished":"2018-10-04T07:59:13+00:00","dateModified":"2025-02-02T12:27:56+00:00","description":"Si ha sufrido lesiones por un accidente de cami\u00f3n, comun\u00edquese con un abogado de accidentes de camiones en Atlanta para conocer sus alternativas legales.","breadcrumb":{"@id":"https:\/\/dlblawfirm.com\/es\/atlanta\/abogado-de-accidentes-de-camiones\/#breadcrumb"},"inLanguage":"es","potentialAction":[{"@type":"ReadAction","target":["https:\/\/dlblawfirm.com\/es\/atlanta\/abogado-de-accidentes-de-camiones\/"]}]},{"@type":"ImageObject","inLanguage":"es","@id":"https:\/\/dlblawfirm.com\/es\/atlanta\/abogado-de-accidentes-de-camiones\/#primaryimage","url":"https:\/\/dlblawfirm.com\/wp-content\/uploads\/2024\/02\/Atlanta-Truck-Accident-Lawyer.jpg","contentUrl":"https:\/\/dlblawfirm.com\/wp-content\/uploads\/2024\/02\/Atlanta-Truck-Accident-Lawyer.jpg","width":1280,"height":720,"caption":"Atlanta Truck Accident Lawyer"},{"@type":"BreadcrumbList","@id":"https:\/\/dlblawfirm.com\/es\/atlanta\/abogado-de-accidentes-de-camiones\/#breadcrumb","itemListElement":[{"@type":"ListItem","position":1,"name":"Home","item":"https:\/\/dlblawfirm.com\/es\/"},{"@type":"ListItem","position":2,"name":"Abogado de Lesiones Personales en Atlanta","item":"https:\/\/dlblawfirm.com\/es\/atlanta\/"},{"@type":"ListItem","position":3,"name":"Abogado de accidentes de camiones en Atlanta"}]},{"@type":"WebSite","@id":"https:\/\/dlblawfirm.com\/es\/#website","url":"https:\/\/dlblawfirm.com\/es\/","name":"Dwayne L. Brown","description":"Just another WordPress site","potentialAction":[{"@type":"SearchAction","target":{"@type":"EntryPoint","urlTemplate":"https:\/\/dlblawfirm.com\/es\/?s={search_term_string}"},"query-input":{"@type":"PropertyValueSpecification","valueRequired":true,"valueName":"search_term_string"}}],"inLanguage":"es"}]}},"_links":{"self":[{"href":"https:\/\/dlblawfirm.com\/es\/wp-json\/wp\/v2\/pages\/33736","targetHints":{"allow":["GET"]}}],"collection":[{"href":"https:\/\/dlblawfirm.com\/es\/wp-json\/wp\/v2\/pages"}],"about":[{"href":"https:\/\/dlblawfirm.com\/es\/wp-json\/wp\/v2\/types\/page"}],"author":[{"embeddable":true,"href":"https:\/\/dlblawfirm.com\/es\/wp-json\/wp\/v2\/users\/4"}],"replies":[{"embeddable":true,"href":"https:\/\/dlblawfirm.com\/es\/wp-json\/wp\/v2\/comments?post=33736"}],"version-history":[{"count":0,"href":"https:\/\/dlblawfirm.com\/es\/wp-json\/wp\/v2\/pages\/33736\/revisions"}],"up":[{"embeddable":true,"href":"https:\/\/dlblawfirm.com\/es\/wp-json\/wp\/v2\/pages\/42605"}],"wp:featuredmedia":[{"embeddable":true,"href":"https:\/\/dlblawfirm.com\/es\/wp-json\/wp\/v2\/media\/35058"}],"wp:attachment":[{"href":"https:\/\/dlblawfirm.com\/es\/wp-json\/wp\/v2\/media?parent=33736"}],"curies":[{"name":"wp","href":"https:\/\/api.w.org\/{rel}","templated":true}]}}