{"id":33733,"date":"2018-10-04T07:58:29","date_gmt":"2018-10-04T07:58:29","guid":{"rendered":"https:\/\/dwaynebrown1.wpenginepowered.com\/?page_id=33733"},"modified":"2025-02-02T12:27:02","modified_gmt":"2025-02-02T12:27:02","slug":"lesiones-por-accidentes-de-trafico-y-automovilisticos","status":"publish","type":"page","link":"https:\/\/dlblawfirm.com\/es\/atlanta\/abogado-de-accidentes-automovillistico\/","title":{"rendered":"Abogado de accidentes automovil\u00edsticos en Atlanta"},"content":{"rendered":"<p>Todos los d\u00edas se pierden vidas en los Estados Unidos y, adicionalmente, muchas personas resultan heridas en nuestras carreteras debido a accidentes en los que autos, camiones y motos son protagonistas. La Administraci\u00f3n Nacional de Seguridad del Tr\u00e1fico en Carreteras (NHTSA, por sus siglas en ingl\u00e9s), perteneciente al Departamento de Transporte de los Estados Unidos, estim\u00f3 que en 2017 hubo m\u00e1s de 37,000 muertes debido a accidentes de tr\u00e1fico. Adem\u00e1s, millones de personas <a href=\"https:\/\/dlblawfirm.com\/es\/atlanta\/\">resultaron heridas de diversa gravedad<\/a>. Si bien algunos accidentes son simplemente eso, accidentes inevitables, otros muchos son prevenibles. Si usted sufre lesiones o pierde a un ser querido debido a un accidente automovil\u00edstico en Atlanta, necesita conocer sus derechos.<\/p>\n<p>Los casos relacionados con accidentes de tr\u00e1fico suelen regirse por las leyes de negligencia o \u201cla falta de cuidado razonable ante determinadas circunstancias\u201d. Una persona que conduce un veh\u00edculo puede ser obligada a pagar por los da\u00f1os que provoque, tanto a una persona como a una propiedad, si estos son ocasionados por una negligencia, descuido o irresponsabilidad. Un abogado de accidentes automovil\u00edsticos en Atlanta de Dwayne L. Brown puede ayudarle a conseguir una compensaci\u00f3n que cubra los gastos m\u00e9dicos, la p\u00e9rdida de ingresos y otros desembolsos, as\u00ed como por el dolor y da\u00f1o emocional sufridos.<\/p>\n<h2><span class=\"ez-toc-section\" id=\"%C2%BFNecesita_un_abogado_de_accidentes_de_auto_en_Atlanta\"><\/span>\u00bfNecesita un abogado de accidentes de auto en Atlanta?<span class=\"ez-toc-section-end\"><\/span><\/h2>\n<p>Muchas personas que sufren lesiones por accidentes de tr\u00e1fico asumen que tanto estas como los gastos asociados ser\u00e1n cubiertos por el seguro del conductor culpable. Si bien esto puede ser cierto hasta cierto punto, no siempre es prudente suponer que la cantidad total que se reciba cubrir\u00e1 necesariamente todos los gastos generados. Si se trata de una lesi\u00f3n peque\u00f1a que solo requiri\u00f3 de unos pocos puntos de sutura o un simple y r\u00e1pido tratamiento en la sala de emergencias, puede que no sea necesario contratar a un abogado, pero si las lesiones implican m\u00faltiples visitas al m\u00e9dico, tratamientos prolongados, p\u00e9rdida de jornadas laborales y otros gastos adicionales, consultar a un abogado experto podr\u00eda ser lo mejor para usted.<\/p>\n<p>Las aseguradoras siempre quieren pagar lo menos posible en los reclamos que afectan a sus asegurados, por lo que es habitual que la de la parte que resulta culpable ofrezca un acuerdo r\u00e1pido a la persona lesionada, con la esperanza de que tomen el dinero y no contraten a un abogado experto en lesiones personales. Muchas veces, la oferta pudiera parecer razonable, pero puede haber gastos que no se hayan considerado o en los que a\u00fan no se haya incurrido. Si la persona afectada acepta un acuerdo anticipado directamente de la aseguradora, podr\u00eda no tener derecho a solicitar m\u00e1s compensaci\u00f3n en un futuro, aunque surgieran complicaciones ocasionadas por el mismo percance.<\/p>\n<p>Si usted ha resultado gravemente herido en un accidente automovil\u00edstico, su mejor opci\u00f3n es hablar hoy mismo con la firma legal de Dwayne L. Brown, desde donde ofrecemos una consulta gratuita y sin compromiso a aquellos que tienen dudas sobre si deber\u00edan contratar a un abogado para su reclamo por lesiones. Dwayne le aconsejar\u00e1 con total honestidad sobre las diferentes alternativas con que cuenta para que tome la decisi\u00f3n correcta ante la situaci\u00f3n en que se encuentra.<\/p>\n<div class=\"custom-shortcode1\"><img decoding=\"async\" src=\"https:\/\/dlblawfirm.com\/wp-content\/uploads\/2025\/09\/dwayne-brown-attorney-cta.png\" alt=\"\u00a1Su Lesi\u00f3n Personal Merece Atenci\u00f3n Personalizada!\"><h3>\u00a1Su Lesi\u00f3n Personal Merece Atenci\u00f3n Personalizada!<\/h3><a href=\"tel:4047386000\">Llama Ahora<\/a><\/div>\n<h2><span class=\"ez-toc-section\" id=\"%C2%BFQue_hacer_despues_de_un_accidente_automovilistico\"><\/span>\u00bfQu\u00e9 hacer despu\u00e9s de un accidente automovil\u00edstico?<span class=\"ez-toc-section-end\"><\/span><\/h2>\n<p>Despu\u00e9s de un accidente de auto, es muy importante reunir toda evidencia que compruebe la responsabilidad del otro conductor en el accidente y c\u00f3mo este evento cambi\u00f3 su vida. Estas pruebas le ayudar\u00e1n a que su reclamo sea presentado sin problemas y a que consiga la compensaci\u00f3n que merece por sus lesiones.<\/p>\n<p>Si sus heridas no son graves y recolectar evidencia el d\u00eda del accidente no es un riesgo para sus lesiones, no debe dudar en tomar fotos y videos. Tanto del estado de su veh\u00edculo como de sus heridas, para mantener un registro. Adem\u00e1s de la recolecci\u00f3n de im\u00e1genes, tambi\u00e9n es importante conseguir los datos de contacto de testigos o localizar las c\u00e1maras de videovigilancia del lugar que posiblemente hayan grabado todo el accidente. Es recomendable reunir estas pruebas el mismo d\u00eda del accidente porque con el tiempo la evidencia de este tipo es m\u00e1s dif\u00edcil de conseguir.<\/p>\n<p>Por supuesto, deber\u00e1 llamar a los servicios de emergencias para una revisi\u00f3n m\u00e9dica, notificar a las autoridades y contactar a un abogado de accidentes automovil\u00edsticos de Atlanta. Por un lado, los polic\u00edas que lleguen a la escena preparar\u00e1n un informe que podr\u00eda servir m\u00e1s adelante si su caso llega a los tribunales. Por el otro lado, las facturas m\u00e9dicas y su historial m\u00e9dico podr\u00edan ser parte fundamental de su caso para conseguir una compensaci\u00f3n.<\/p>\n<h2><span class=\"ez-toc-section\" id=\"Tipos_de_demandas_por_lesiones_en_accidentes_de_trafico\"><\/span>Tipos de demandas por lesiones en accidentes de tr\u00e1fico<span class=\"ez-toc-section-end\"><\/span><\/h2>\n<p>Existe una gran variedad de demandas por lesiones personales como consecuencia de accidentes de tr\u00e1fico provocados por una conducci\u00f3n negligente. La parte perjudicada, conocida como el demandante, debe probar que el acusado fue negligente, que esta negligencia provoc\u00f3 el accidente y que el accidente ocasion\u00f3 lesiones al demandante. Adem\u00e1s, hay que tener en cuenta que no solo el conductor del otro veh\u00edculo puede ser considerado negligente, sino que la compa\u00f1\u00eda para la que trabaja y otros actores y entidades tambi\u00e9n pueden ser responsables, en mayor o menor medida, de las lesiones causadas por el accidente. De entre las demandas por accidentes vehiculares que habitualmente atiende Dwayne L. Brown, destacamos las siguientes:<\/p>\n<ul>\n<li aria-level=\"1\">Distracciones por mensajear o utilizar tel\u00e9fonos m\u00f3viles<\/li>\n<li aria-level=\"1\">Accidentes por distracci\u00f3n en la conducci\u00f3n<\/li>\n<li aria-level=\"1\">Responsabilidad por venta de bebidas alcoh\u00f3licas<\/li>\n<li aria-level=\"1\">Accidentes por conducir en estado de ebriedad<\/li>\n<li aria-level=\"1\">Accidentes de choque y fuga<\/li>\n<li aria-level=\"1\">Reclamos de seguros<\/li>\n<li aria-level=\"1\">Accidentes de moto<\/li>\n<li aria-level=\"1\">Transporte m\u00e9dico no de emergencia<\/li>\n<li aria-level=\"1\">Accidentes de peatones y bicicletas<\/li>\n<li aria-level=\"1\">Accidentes de transporte privado de personas<\/li>\n<li aria-level=\"1\">Accidentes de transporte escolar<\/li>\n<li aria-level=\"1\">Accidentes por exceso de velocidad<\/li>\n<li aria-level=\"1\">Accidentes de Uber y Lyft<\/li>\n<\/ul>\n<p>En la actualidad, es m\u00e1s probable lesionarse en un accidente de tr\u00e1fico que en cualquier otro tipo de percance, por lo que, de resultar gravemente herido como consecuencia de la negligencia de otros, usted debe asegurarse de recibir la compensaci\u00f3n que merece y, para ello, lo mejor es que se ponga en <a href=\"https:\/\/dlblawfirm.com\/es\/contacto\/\">contacto con nuestra oficina<\/a> para programar una consulta gratuita con un abogado de accidentes de auto en Atlanta. Nosotros le ayudaremos a analizar todas las opciones posibles para determinar si debe o no presentar una demanda por lesiones personales.<\/p>\n<div class=\"custom-shortcode2\"><img decoding=\"async\" src=\"https:\/\/dlblawfirm.com\/wp-content\/uploads\/2025\/09\/dwayne-brown-attorney-cta.png\" alt=\"\u00a1Su Lesi\u00f3n Personal Merece Atenci\u00f3n Personalizada!\"><h3>\u00a1Su Lesi\u00f3n Personal Merece Atenci\u00f3n Personalizada!<\/h3><a href=\"#contact-section\">Llama Ahora<\/a><\/div>\n<h2><span class=\"ez-toc-section\" id=\"Contacte_a_nuestros_abogados_por_accidentes_automovilisticos_de_Atlanta_hoy_mismo\"><\/span>Contacte a nuestros abogados por accidentes automovil\u00edsticos de Atlanta hoy mismo<span class=\"ez-toc-section-end\"><\/span><\/h2>\n<p>Si alguno de los casos que mencionamos en el punto anterior corresponde con su accidente y quiere evaluar cu\u00e1les son sus opciones legales, le recordamos que puede llenar el <a href=\"https:\/\/dlblawfirm.com\/es\/contacto\/\">formulario en l\u00ednea<\/a> de nuestro sitio o enviarnos mensaje a trav\u00e9s de nuestro chat para una consulta gratuita. Responderemos las dudas sobre su caso y le ayudaremos a presentar un reclamo con las pruebas suficientes para obtener una compensaci\u00f3n por sus lesiones.<\/p>\n<p>Conozca todo lo que puede hacer Dwayne L. Brown, un abogado de accidentes automovil\u00edsticos en Atlanta, por su caso y sus lesiones. Resuelva sus dudas hoy mismo, consiga la mejor asesor\u00eda legal y obtenga la compensaci\u00f3n que merece. Incluso si su reclamo es negado por la aseguradora y es necesario ir a juicio para hacer responsable a los culpables, trabajaremos para que consiga el mejor acuerdo.<\/p>\n","protected":false},"excerpt":{"rendered":"<p>Todos los d\u00edas se pierden vidas en los Estados Unidos y, adicionalmente, muchas personas resultan heridas en nuestras carreteras debido a accidentes en los que autos, camiones y motos son protagonistas. La Administraci\u00f3n Nacional de Seguridad del Tr\u00e1fico en Carreteras (NHTSA, por sus siglas en ingl\u00e9s), perteneciente al Departamento de Transporte de los Estados Unidos,<\/p>\n<p><a class=\"button button-reverse\" href=\"https:\/\/dlblawfirm.com\/es\/atlanta\/abogado-de-accidentes-automovillistico\/\">Read the full article<\/a><\/p>\n","protected":false},"author":4,"featured_media":35056,"parent":42605,"menu_order":0,"comment_status":"closed","ping_status":"closed","template":"","meta":{"_acf_changed":false,"inline_featured_image":false,"footnotes":""},"class_list":["post-33733","page","type-page","status-publish","has-post-thumbnail","hentry"],"acf":[],"yoast_head":"<!-- This site is optimized with the Yoast SEO plugin v27.3 - https:\/\/yoast.com\/product\/yoast-seo-wordpress\/ -->\n<title>Abogado de accidentes automovil\u00edsticos en Atlanta | Dwayne L. Brown<\/title>\n<meta name=\"description\" content=\"\u00bfHa sufrido usted o un familiar lesiones tras un accidente? Un abogado de accidentes automovil\u00edsticos en Atlanta lo ayudar\u00e1 con su reclamo.\" \/>\n<meta name=\"robots\" content=\"index, follow, max-snippet:-1, max-image-preview:large, max-video-preview:-1\" \/>\n<link rel=\"canonical\" href=\"https:\/\/dlblawfirm.com\/es\/atlanta\/abogado-de-accidentes-automovillistico\/\" \/>\n<meta property=\"og:locale\" content=\"es_ES\" \/>\n<meta property=\"og:type\" content=\"article\" \/>\n<meta property=\"og:title\" content=\"Abogado de accidentes automovil\u00edsticos en Atlanta | Dwayne L. Brown\" \/>\n<meta property=\"og:description\" content=\"\u00bfHa sufrido usted o un familiar lesiones tras un accidente? Un abogado de accidentes automovil\u00edsticos en Atlanta lo ayudar\u00e1 con su reclamo.\" \/>\n<meta property=\"og:url\" content=\"https:\/\/dlblawfirm.com\/es\/atlanta\/abogado-de-accidentes-automovillistico\/\" \/>\n<meta property=\"og:site_name\" content=\"Dwayne L. Brown\" \/>\n<meta property=\"article:modified_time\" content=\"2025-02-02T12:27:02+00:00\" \/>\n<meta property=\"og:image\" content=\"https:\/\/dlblawfirm.com\/wp-content\/uploads\/2024\/02\/Atlanta-Car-Accident-Lawyer.jpg\" \/>\n\t<meta property=\"og:image:width\" content=\"1280\" \/>\n\t<meta property=\"og:image:height\" content=\"720\" \/>\n\t<meta property=\"og:image:type\" content=\"image\/jpeg\" \/>\n<meta name=\"twitter:card\" content=\"summary_large_image\" \/>\n<meta name=\"twitter:label1\" content=\"Tiempo de lectura\" \/>\n\t<meta name=\"twitter:data1\" content=\"6 minutos\" \/>\n<!-- \/ Yoast SEO plugin. -->","yoast_head_json":{"title":"Abogado de accidentes automovil\u00edsticos en Atlanta | Dwayne L. Brown","description":"\u00bfHa sufrido usted o un familiar lesiones tras un accidente? Un abogado de accidentes automovil\u00edsticos en Atlanta lo ayudar\u00e1 con su reclamo.","robots":{"index":"index","follow":"follow","max-snippet":"max-snippet:-1","max-image-preview":"max-image-preview:large","max-video-preview":"max-video-preview:-1"},"canonical":"https:\/\/dlblawfirm.com\/es\/atlanta\/abogado-de-accidentes-automovillistico\/","og_locale":"es_ES","og_type":"article","og_title":"Abogado de accidentes automovil\u00edsticos en Atlanta | Dwayne L. Brown","og_description":"\u00bfHa sufrido usted o un familiar lesiones tras un accidente? Un abogado de accidentes automovil\u00edsticos en Atlanta lo ayudar\u00e1 con su reclamo.","og_url":"https:\/\/dlblawfirm.com\/es\/atlanta\/abogado-de-accidentes-automovillistico\/","og_site_name":"Dwayne L. Brown","article_modified_time":"2025-02-02T12:27:02+00:00","og_image":[{"width":1280,"height":720,"url":"https:\/\/dlblawfirm.com\/wp-content\/uploads\/2024\/02\/Atlanta-Car-Accident-Lawyer.jpg","type":"image\/jpeg"}],"twitter_card":"summary_large_image","twitter_misc":{"Tiempo de lectura":"6 minutos"},"schema":{"@context":"https:\/\/schema.org","@graph":[{"@type":"WebPage","@id":"https:\/\/dlblawfirm.com\/es\/atlanta\/abogado-de-accidentes-automovillistico\/","url":"https:\/\/dlblawfirm.com\/es\/atlanta\/abogado-de-accidentes-automovillistico\/","name":"Abogado de accidentes automovil\u00edsticos en Atlanta | Dwayne L. Brown","isPartOf":{"@id":"https:\/\/dlblawfirm.com\/es\/#website"},"primaryImageOfPage":{"@id":"https:\/\/dlblawfirm.com\/es\/atlanta\/abogado-de-accidentes-automovillistico\/#primaryimage"},"image":{"@id":"https:\/\/dlblawfirm.com\/es\/atlanta\/abogado-de-accidentes-automovillistico\/#primaryimage"},"thumbnailUrl":"https:\/\/dlblawfirm.com\/wp-content\/uploads\/2024\/02\/Atlanta-Car-Accident-Lawyer.jpg","datePublished":"2018-10-04T07:58:29+00:00","dateModified":"2025-02-02T12:27:02+00:00","description":"\u00bfHa sufrido usted o un familiar lesiones tras un accidente? Un abogado de accidentes automovil\u00edsticos en Atlanta lo ayudar\u00e1 con su reclamo.","breadcrumb":{"@id":"https:\/\/dlblawfirm.com\/es\/atlanta\/abogado-de-accidentes-automovillistico\/#breadcrumb"},"inLanguage":"es","potentialAction":[{"@type":"ReadAction","target":["https:\/\/dlblawfirm.com\/es\/atlanta\/abogado-de-accidentes-automovillistico\/"]}]},{"@type":"ImageObject","inLanguage":"es","@id":"https:\/\/dlblawfirm.com\/es\/atlanta\/abogado-de-accidentes-automovillistico\/#primaryimage","url":"https:\/\/dlblawfirm.com\/wp-content\/uploads\/2024\/02\/Atlanta-Car-Accident-Lawyer.jpg","contentUrl":"https:\/\/dlblawfirm.com\/wp-content\/uploads\/2024\/02\/Atlanta-Car-Accident-Lawyer.jpg","width":1280,"height":720,"caption":"Atlanta Car Accident Lawyer"},{"@type":"BreadcrumbList","@id":"https:\/\/dlblawfirm.com\/es\/atlanta\/abogado-de-accidentes-automovillistico\/#breadcrumb","itemListElement":[{"@type":"ListItem","position":1,"name":"Home","item":"https:\/\/dlblawfirm.com\/es\/"},{"@type":"ListItem","position":2,"name":"Abogado de Lesiones Personales en Atlanta","item":"https:\/\/dlblawfirm.com\/es\/atlanta\/"},{"@type":"ListItem","position":3,"name":"Abogado de accidentes automovil\u00edsticos en Atlanta"}]},{"@type":"WebSite","@id":"https:\/\/dlblawfirm.com\/es\/#website","url":"https:\/\/dlblawfirm.com\/es\/","name":"Dwayne L. Brown","description":"Just another WordPress site","potentialAction":[{"@type":"SearchAction","target":{"@type":"EntryPoint","urlTemplate":"https:\/\/dlblawfirm.com\/es\/?s={search_term_string}"},"query-input":{"@type":"PropertyValueSpecification","valueRequired":true,"valueName":"search_term_string"}}],"inLanguage":"es"}]}},"_links":{"self":[{"href":"https:\/\/dlblawfirm.com\/es\/wp-json\/wp\/v2\/pages\/33733","targetHints":{"allow":["GET"]}}],"collection":[{"href":"https:\/\/dlblawfirm.com\/es\/wp-json\/wp\/v2\/pages"}],"about":[{"href":"https:\/\/dlblawfirm.com\/es\/wp-json\/wp\/v2\/types\/page"}],"author":[{"embeddable":true,"href":"https:\/\/dlblawfirm.com\/es\/wp-json\/wp\/v2\/users\/4"}],"replies":[{"embeddable":true,"href":"https:\/\/dlblawfirm.com\/es\/wp-json\/wp\/v2\/comments?post=33733"}],"version-history":[{"count":0,"href":"https:\/\/dlblawfirm.com\/es\/wp-json\/wp\/v2\/pages\/33733\/revisions"}],"up":[{"embeddable":true,"href":"https:\/\/dlblawfirm.com\/es\/wp-json\/wp\/v2\/pages\/42605"}],"wp:featuredmedia":[{"embeddable":true,"href":"https:\/\/dlblawfirm.com\/es\/wp-json\/wp\/v2\/media\/35056"}],"wp:attachment":[{"href":"https:\/\/dlblawfirm.com\/es\/wp-json\/wp\/v2\/media?parent=33733"}],"curies":[{"name":"wp","href":"https:\/\/api.w.org\/{rel}","templated":true}]}}